{"id":18,"date":"2022-04-22T17:18:13","date_gmt":"2022-04-22T20:18:13","guid":{"rendered":"https:\/\/criid.com.br\/finalizar-compra\/"},"modified":"2024-06-13T11:57:21","modified_gmt":"2024-06-13T14:57:21","slug":"finalizar-compra","status":"publish","type":"page","link":"https:\/\/criid.com.br\/en\/finalizar-compra\/","title":{"rendered":"Finaliza\u00e7\u00e3o de compra"},"content":{"rendered":"<div data-elementor-type=\"wp-page\" data-elementor-id=\"18\" class=\"elementor elementor-18\">\n\t\t\t\t\t\t<section data-particle_enable=\"false\" data-particle-mobile-disabled=\"false\" class=\"elementor-section elementor-top-section elementor-element elementor-element-1db54d08 elementor-section-boxed elementor-section-height-default elementor-section-height-default\" data-id=\"1db54d08\" data-element_type=\"section\">\n\t\t\t\t\t\t<div class=\"elementor-container elementor-column-gap-default\">\n\t\t\t\t\t<div class=\"elementor-column elementor-col-100 elementor-top-column elementor-element elementor-element-866cd39\" data-id=\"866cd39\" data-element_type=\"column\">\n\t\t\t<div class=\"elementor-widget-wrap elementor-element-populated\">\n\t\t\t\t\t\t<div class=\"elementor-element elementor-element-dc36935 elementor-widget elementor-widget-eael-woo-checkout\" data-id=\"dc36935\" data-element_type=\"widget\" data-widget_type=\"eael-woo-checkout.default\">\n\t\t\t\t<div class=\"elementor-widget-container\">\n\t\t\t        <div data-checkout=\"{&quot;ea_woo_checkout_layout&quot;:&quot;split&quot;,&quot;ea_woo_checkout_table_header_text&quot;:&quot;yes&quot;,&quot;ea_woo_checkout_table_product_text&quot;:&quot;Produto&quot;,&quot;ea_woo_checkout_table_quantity_text&quot;:&quot;Quantidade&quot;,&quot;ea_woo_checkout_table_price_text&quot;:&quot;Pre\\u00e7o&quot;,&quot;ea_woo_checkout_shop_link&quot;:&quot;yes&quot;,&quot;ea_woo_checkout_shop_link_text&quot;:&quot;Continuar comprando&quot;,&quot;ea_woo_checkout_table_subtotal_text&quot;:&quot;Subtotal&quot;,&quot;ea_woo_checkout_table_shipping_text&quot;:&quot;Envio&quot;,&quot;ea_woo_checkout_table_total_text&quot;:&quot;Total&quot;,&quot;ea_woo_checkout_cart_update_enable&quot;:&quot;&quot;}\" class=\"ea-woo-checkout layout-split checkout-reorder-enabled\" data-checkout_ids=\"{&quot;billing&quot;:{&quot;billing_first_name&quot;:&quot;form-row-first&quot;,&quot;billing_last_name&quot;:&quot;form-row-last&quot;,&quot;billing_country&quot;:&quot;form-row-wide&quot;,&quot;billing_persontype&quot;:&quot;form-row-wide&quot;,&quot;billing_cpf&quot;:&quot;form-row-wide&quot;,&quot;billing_company&quot;:&quot;form-row-wide&quot;,&quot;billing_cnpj&quot;:&quot;form-row-wide&quot;,&quot;billing_postcode&quot;:&quot;form-row-first&quot;,&quot;billing_address_1&quot;:&quot;form-row-last&quot;,&quot;billing_number&quot;:&quot;form-row-first&quot;,&quot;billing_address_2&quot;:&quot;form-row-last&quot;,&quot;billing_neighborhood&quot;:&quot;form-row-first&quot;,&quot;billing_city&quot;:&quot;form-row-last&quot;,&quot;billing_state&quot;:&quot;form-row-wide&quot;,&quot;billing_phone&quot;:&quot;form-row-wide&quot;,&quot;billing_email&quot;:&quot;form-row-wide&quot;},&quot;shipping&quot;:{&quot;shipping_first_name&quot;:&quot;form-row-first&quot;,&quot;shipping_last_name&quot;:&quot;form-row-last&quot;,&quot;shipping_company&quot;:&quot;form-row-wide&quot;,&quot;shipping_country&quot;:&quot;form-row-wide&quot;,&quot;shipping_postcode&quot;:&quot;form-row-first&quot;,&quot;shipping_address_1&quot;:&quot;form-row-last&quot;,&quot;shipping_number&quot;:&quot;form-row-first&quot;,&quot;shipping_address_2&quot;:&quot;form-row-last&quot;,&quot;shipping_neighborhood&quot;:&quot;form-row-first&quot;,&quot;shipping_city&quot;:&quot;form-row-last&quot;,&quot;shipping_state&quot;:&quot;form-row-wide&quot;}}\" data-button_texts=\"{&quot;place_order&quot;:&quot;Realizar compra&quot;}\">\n            <div type=\"text\/template\" id=\"eael-wc-billing-reordered-fields\">\n                <div class=\"eael-woo-billing-fields\"><\/div>\n            <\/div>\n            <div type=\"text\/template\" id=\"eael-wc-shipping-reordered-fields\">\n                <div class=\"eael-woo-shipping-fields\"><\/div>\n            <\/div>\n            <div class=\"woocommerce\">\n                <style>\n                    .woocommerce .blockUI.blockOverlay:before {\n                        background-image: url('\/var\/www\/html\/criid\/wp-content\/plugins\/woocommerce\/assets\/images\/icons\/loader.svg') center center !important;\n                    }\n                <\/style>\n\t\t\t\t            <\/div>\n        <\/div>\n\t\t\t\t<\/div>\n\t\t\t\t<\/div>\n\t\t\t\t<div class=\"elementor-element elementor-element-ed9484c elementor-widget elementor-widget-html\" data-id=\"ed9484c\" data-element_type=\"widget\" data-widget_type=\"html.default\">\n\t\t\t\t<div class=\"elementor-widget-container\">\n\t\t\t<script>\n    jQuery(function(){\n\n        jQuery('.woocommerce-MyAccount-downloads-file').each(function(index){\n            getFileName = jQuery(this).text();\n            jQuery(this).parent().parent().find('.download-product a').html(getFileName);\n        });\n\n        jQuery('.woocommerce-MyAccount-downloads-file').html('Baixe aqui');\n    });\n<\/script>\t\t<\/div>\n\t\t\t\t<\/div>\n\t\t\t\t\t<\/div>\n\t\t<\/div>\n\t\t\t\t\t<\/div>\n\t\t<\/section>\n\t\t\t\t<\/div>","protected":false},"excerpt":{"rendered":"<p>Cobran\u00e7a Pagamento Detalhes da cobran\u00e7a Nome&nbsp;* Sobrenome&nbsp;* Pa\u00eds&nbsp;*Selecione um pa\u00eds&hellip;BrasilCanad\u00e1Estados UnidosAtualizar pa\u00eds Tipo de Pessoa&nbsp;(opcional)Pessoa F\u00edsicaPessoa Jur\u00eddica CPF&nbsp;(opcional) Nome da empresa&nbsp;(opcional) CNPJ&nbsp;(opcional) CEP&nbsp;* Endere\u00e7o&nbsp;* N\u00famero&nbsp;* Complemento&nbsp;(opcional) Bairro&nbsp;(opcional) Cidade&nbsp;* Estado&nbsp;*Selecione uma op\u00e7\u00e3o&hellip;AcreAlagoasAmap\u00e1AmazonasBahiaCear\u00e1Distrito FederalEsp\u00edrito SantoGoi\u00e1sMaranh\u00e3oMato GrossoMato Grosso do SulMinas GeraisPar\u00e1Para\u00edbaParan\u00e1PernambucoPiau\u00edRio de JaneiroRio Grande do NorteRio Grande do SulRond\u00f4niaRoraimaSanta CatarinaS\u00e3o PauloSergipeTocantins Telefone&nbsp;* Endere\u00e7o de e-mail&nbsp;* Observa\u00e7\u00f5es Notas do [&hellip;]<\/p>","protected":false},"author":1,"featured_media":0,"parent":0,"menu_order":0,"comment_status":"closed","ping_status":"closed","template":"","meta":{"footnotes":""},"class_list":["post-18","page","type-page","status-publish","hentry"],"_links":{"self":[{"href":"https:\/\/criid.com.br\/en\/wp-json\/wp\/v2\/pages\/18","targetHints":{"allow":["GET"]}}],"collection":[{"href":"https:\/\/criid.com.br\/en\/wp-json\/wp\/v2\/pages"}],"about":[{"href":"https:\/\/criid.com.br\/en\/wp-json\/wp\/v2\/types\/page"}],"author":[{"embeddable":true,"href":"https:\/\/criid.com.br\/en\/wp-json\/wp\/v2\/users\/1"}],"replies":[{"embeddable":true,"href":"https:\/\/criid.com.br\/en\/wp-json\/wp\/v2\/comments?post=18"}],"version-history":[{"count":246,"href":"https:\/\/criid.com.br\/en\/wp-json\/wp\/v2\/pages\/18\/revisions"}],"predecessor-version":[{"id":8373,"href":"https:\/\/criid.com.br\/en\/wp-json\/wp\/v2\/pages\/18\/revisions\/8373"}],"wp:attachment":[{"href":"https:\/\/criid.com.br\/en\/wp-json\/wp\/v2\/media?parent=18"}],"curies":[{"name":"wp","href":"https:\/\/api.w.org\/{rel}","templated":true}]}}