{"id":20,"date":"2022-04-22T18:20:30","date_gmt":"2022-04-22T21:20:30","guid":{"rendered":"https:\/\/criid.com.br\/?page_id=20"},"modified":"2022-05-31T16:03:32","modified_gmt":"2022-05-31T19:03:32","slug":"reembolso_devolucoes","status":"publish","type":"page","link":"https:\/\/criid.com.br\/en\/reembolso_devolucoes\/","title":{"rendered":"Refund and returns policy"},"content":{"rendered":"<div data-elementor-type=\"wp-page\" data-elementor-id=\"20\" class=\"elementor elementor-20\">\n\t\t\t\t\t\t<section data-particle_enable=\"false\" data-particle-mobile-disabled=\"false\" class=\"elementor-section elementor-top-section elementor-element elementor-element-1690591b elementor-section-boxed elementor-section-height-default elementor-section-height-default\" data-id=\"1690591b\" data-element_type=\"section\">\n\t\t\t\t\t\t<div class=\"elementor-container elementor-column-gap-default\">\n\t\t\t\t\t<div class=\"elementor-column elementor-col-100 elementor-top-column elementor-element elementor-element-1619a92f\" data-id=\"1619a92f\" data-element_type=\"column\">\n\t\t\t<div class=\"elementor-widget-wrap elementor-element-populated\">\n\t\t\t\t\t\t<div class=\"elementor-element elementor-element-31672512 elementor-widget elementor-widget-text-editor\" data-id=\"31672512\" data-element_type=\"widget\" data-widget_type=\"text-editor.default\">\n\t\t\t\t<div class=\"elementor-widget-container\">\n\t\t\t<style>\/*! elementor - v3.21.0 - 08-05-2024 *\/\n.elementor-widget-text-editor.elementor-drop-cap-view-stacked .elementor-drop-cap{background-color:#69727d;color:#fff}.elementor-widget-text-editor.elementor-drop-cap-view-framed .elementor-drop-cap{color:#69727d;border:3px solid;background-color:transparent}.elementor-widget-text-editor:not(.elementor-drop-cap-view-default) .elementor-drop-cap{margin-top:8px}.elementor-widget-text-editor:not(.elementor-drop-cap-view-default) .elementor-drop-cap-letter{width:1em;height:1em}.elementor-widget-text-editor .elementor-drop-cap{float:left;text-align:center;line-height:1;font-size:50px}.elementor-widget-text-editor .elementor-drop-cap-letter{display:inline-block}<\/style>\t\t\t\t<!-- wp:paragraph -->\n<h2>Vis\u00e3o geral<\/h2>\n<p>O sistema de assinaturas da CriiD n\u00e3o \u00e9 pass\u00edvel de estorno. Tamb\u00e9m n\u00e3o \u00e9 poss\u00edvel a recupera\u00e7\u00e3o de cr\u00e9ditos ap\u00f3s a utiliza\u00e7\u00e3o dos mesmos.<\/p>\n<h3><strong>Precisa de ajuda?<\/strong><\/h3>\n<p>Contacte-nos em <strong>contato@criid.com.br<\/strong> para quest\u00f5es relacionadas com reembolsos e devolu\u00e7\u00f5es.<\/p>\n<!-- \/wp:paragraph -->\t\t\t\t\t\t<\/div>\n\t\t\t\t<\/div>\n\t\t\t\t\t<\/div>\n\t\t<\/div>\n\t\t\t\t\t<\/div>\n\t\t<\/section>\n\t\t\t\t<\/div>","protected":false},"excerpt":{"rendered":"<p>Vis\u00e3o geral O sistema de assinaturas da CriiD n\u00e3o \u00e9 pass\u00edvel de estorno. Tamb\u00e9m n\u00e3o \u00e9 poss\u00edvel a recupera\u00e7\u00e3o de cr\u00e9ditos ap\u00f3s a utiliza\u00e7\u00e3o dos mesmos. Precisa de ajuda? Contacte-nos em contato@criid.com.br para quest\u00f5es relacionadas com reembolsos e devolu\u00e7\u00f5es.<\/p>","protected":false},"author":1,"featured_media":0,"parent":0,"menu_order":0,"comment_status":"closed","ping_status":"closed","template":"","meta":{"footnotes":""},"class_list":["post-20","page","type-page","status-publish","hentry"],"_links":{"self":[{"href":"https:\/\/criid.com.br\/en\/wp-json\/wp\/v2\/pages\/20","targetHints":{"allow":["GET"]}}],"collection":[{"href":"https:\/\/criid.com.br\/en\/wp-json\/wp\/v2\/pages"}],"about":[{"href":"https:\/\/criid.com.br\/en\/wp-json\/wp\/v2\/types\/page"}],"author":[{"embeddable":true,"href":"https:\/\/criid.com.br\/en\/wp-json\/wp\/v2\/users\/1"}],"replies":[{"embeddable":true,"href":"https:\/\/criid.com.br\/en\/wp-json\/wp\/v2\/comments?post=20"}],"version-history":[{"count":7,"href":"https:\/\/criid.com.br\/en\/wp-json\/wp\/v2\/pages\/20\/revisions"}],"predecessor-version":[{"id":1506,"href":"https:\/\/criid.com.br\/en\/wp-json\/wp\/v2\/pages\/20\/revisions\/1506"}],"wp:attachment":[{"href":"https:\/\/criid.com.br\/en\/wp-json\/wp\/v2\/media?parent=20"}],"curies":[{"name":"wp","href":"https:\/\/api.w.org\/{rel}","templated":true}]}}