{"id":53,"date":"2022-04-22T18:20:40","date_gmt":"2022-04-22T21:20:40","guid":{"rendered":"https:\/\/criid.com.br\/?page_id=53"},"modified":"2022-05-31T16:02:54","modified_gmt":"2022-05-31T19:02:54","slug":"politica-de-cookies","status":"publish","type":"page","link":"https:\/\/criid.com.br\/en\/politica-de-cookies\/","title":{"rendered":"Cookies Policy"},"content":{"rendered":"<div data-elementor-type=\"wp-page\" data-elementor-id=\"53\" class=\"elementor elementor-53\">\n\t\t\t\t\t\t<section data-particle_enable=\"false\" data-particle-mobile-disabled=\"false\" class=\"elementor-section elementor-top-section elementor-element elementor-element-0bc4825 elementor-section-boxed elementor-section-height-default elementor-section-height-default\" data-id=\"0bc4825\" data-element_type=\"section\">\n\t\t\t\t\t\t<div class=\"elementor-container elementor-column-gap-default\">\n\t\t\t\t\t<div class=\"elementor-column elementor-col-100 elementor-top-column elementor-element elementor-element-a537773\" data-id=\"a537773\" data-element_type=\"column\">\n\t\t\t<div class=\"elementor-widget-wrap elementor-element-populated\">\n\t\t\t\t\t\t<div class=\"elementor-element elementor-element-c9cc412 elementor-widget elementor-widget-text-editor\" data-id=\"c9cc412\" data-element_type=\"widget\" data-widget_type=\"text-editor.default\">\n\t\t\t\t<div class=\"elementor-widget-container\">\n\t\t\t<style>\/*! elementor - v3.21.0 - 08-05-2024 *\/\n.elementor-widget-text-editor.elementor-drop-cap-view-stacked .elementor-drop-cap{background-color:#69727d;color:#fff}.elementor-widget-text-editor.elementor-drop-cap-view-framed .elementor-drop-cap{color:#69727d;border:3px solid;background-color:transparent}.elementor-widget-text-editor:not(.elementor-drop-cap-view-default) .elementor-drop-cap{margin-top:8px}.elementor-widget-text-editor:not(.elementor-drop-cap-view-default) .elementor-drop-cap-letter{width:1em;height:1em}.elementor-widget-text-editor .elementor-drop-cap{float:left;text-align:center;line-height:1;font-size:50px}.elementor-widget-text-editor .elementor-drop-cap-letter{display:inline-block}<\/style>\t\t\t\t<p>Este site pertence e \u00e9 administrado pelo criid.com.br endossa e segue totalmente os princ\u00edpios de prote\u00e7\u00e3o de dados, conforme estabelecido no Regulamento Geral de Prote\u00e7\u00e3o de Dados. O CriiD tem o compromisso de proteger a privacidade do usu\u00e1rio. Agradecemos que os visitantes e usu\u00e1rios deste site estejam preocupados com a confidencialidade e seguran\u00e7a de qualquer informa\u00e7\u00e3o que nos seja fornecida. A Pol\u00edtica de Cookies \u00e9 um esbo\u00e7o de como lidamos com as informa\u00e7\u00f5es que recebemos sobre voc\u00ea em sua visita ao nosso site.<\/p><p>Usamos cookies em nosso site. Um cookie \u00e9 um pequeno texto de dados criptografada que nosso servidor grava em seu disco r\u00edgido que cont\u00e9m seu ID de usu\u00e1rio exclusiva. Um cookie n\u00e3o pode ser usado para acessar ou comprometer os dados em seu disco r\u00edgido.<\/p><p>Usamos empresas de publicidade terceirizadas para veicular an\u00fancios quando voc\u00ea visita nosso site. Essas empresas podem usar informa\u00e7\u00f5es (n\u00e3o incluindo seu nome, endere\u00e7o, endere\u00e7o de e-mail ou n\u00famero de telefone) sobre suas visitas a este e outros sites para fornecer an\u00fancios sobre produtos e servi\u00e7os de seu interesse. Fornecedores terceirizados, incluindo o Google, usam cookies para veicular an\u00fancios com base em suas visitas anteriores a este site ou outros sites. O uso de cookies de publicidade pelo Google permite que ele e seus parceiros veiculem an\u00fancios com base em sua visita a este site e\/ou outros sites na Internet.<\/p><p>Voc\u00ea pode cancelar a publicidade personalizada visitando Configura\u00e7\u00f5es de an\u00fancios da Google.<\/p><p><a href=\"https:\/\/www.google.com\/settings\/ads\" target=\"_blank\" rel=\"noopener\">Configurar Cookies<\/a><\/p><p>Usamos o Google Analytics para rastrear atividades no site. O Google Analytics coleta cookies prim\u00e1rios, dados relacionados ao dispositivo\/navegador, endere\u00e7o IP e atividades no site para medir e relatar estat\u00edsticas sobre as intera\u00e7\u00f5es do usu\u00e1rio no site.<\/p><p>Quando voc\u00ea usa plataformas de m\u00eddia social com o site, cada plataforma tem suas pr\u00f3prias tecnologias e pol\u00edticas a serem observadas. Para obter informa\u00e7\u00f5es sobre como limitar o uso de widgets e compartilhar fun\u00e7\u00f5es com redes sociais, veja abaixo:<\/p><ul><li>Para widgets do Twitter, voc\u00ea pode encontrar mais informa\u00e7\u00f5es\u00a0<a href=\"https:\/\/dev.twitter.com\/web\/overview\/privacy\" target=\"_blank\" rel=\"noopener\">aqui<\/a>.<\/li><li>Para widgets do Facebook, voc\u00ea pode encontrar mais informa\u00e7\u00f5es\u00a0<a href=\"https:\/\/www.facebook.com\/help\/443483272359009\/\" target=\"_blank\" rel=\"noopener\">aqui<\/a>.<\/li><\/ul><h3>\u00a0<\/h3><h3>Mantendo suas informa\u00e7\u00f5es seguras<\/h3><p>Geradordemodelo.com tem o compromisso de proteger as informa\u00e7\u00f5es que voc\u00ea nos fornece. Tomamos todas as medidas de seguran\u00e7a razo\u00e1veis para proteger as informa\u00e7\u00f5es pessoais contra perda, acesso n\u00e3o autorizado, disjun\u00e7\u00e3o, uso indevido, modifica\u00e7\u00e3o ou divulga\u00e7\u00e3o. Tanto quanto permitido por lei, n\u00e3o aceitamos qualquer responsabilidade por qualquer acesso n\u00e3o autorizado \u00e0s informa\u00e7\u00f5es mantidas por n\u00f3s.<\/p><h3>Seu direitos legais<\/h3><p><strong>Voc\u00ea tem direto \u00e0:<\/strong><\/p><ul><li>Requerer acesso \u00e0 seus dados pessoais.<\/li><li>Requerer corre\u00e7\u00e3o de seus dados pessoais que temos sobre voc\u00ea.<\/li><li>Requerer que seus dados pessoais sejam apagados.<\/li><\/ul><p>Por favor note que estas Declara\u00e7\u00f5es de Privacidade podem ser atualizadas em tempos e tempos. Se voc\u00ea tem alguma pergunta sobre este documento ou nossos termos de uso, por favor, entre em contato.<\/p>\t\t\t\t\t\t<\/div>\n\t\t\t\t<\/div>\n\t\t\t\t\t<\/div>\n\t\t<\/div>\n\t\t\t\t\t<\/div>\n\t\t<\/section>\n\t\t\t\t<\/div>","protected":false},"excerpt":{"rendered":"<p>Este site pertence e \u00e9 administrado pelo criid.com.br endossa e segue totalmente os princ\u00edpios de prote\u00e7\u00e3o de dados, conforme estabelecido no Regulamento Geral de Prote\u00e7\u00e3o de Dados. O CriiD tem o compromisso de proteger a privacidade do usu\u00e1rio. Agradecemos que os visitantes e usu\u00e1rios deste site estejam preocupados com a confidencialidade e seguran\u00e7a de qualquer [&hellip;]<\/p>","protected":false},"author":1,"featured_media":0,"parent":0,"menu_order":0,"comment_status":"closed","ping_status":"closed","template":"","meta":{"footnotes":""},"class_list":["post-53","page","type-page","status-publish","hentry"],"_links":{"self":[{"href":"https:\/\/criid.com.br\/en\/wp-json\/wp\/v2\/pages\/53","targetHints":{"allow":["GET"]}}],"collection":[{"href":"https:\/\/criid.com.br\/en\/wp-json\/wp\/v2\/pages"}],"about":[{"href":"https:\/\/criid.com.br\/en\/wp-json\/wp\/v2\/types\/page"}],"author":[{"embeddable":true,"href":"https:\/\/criid.com.br\/en\/wp-json\/wp\/v2\/users\/1"}],"replies":[{"embeddable":true,"href":"https:\/\/criid.com.br\/en\/wp-json\/wp\/v2\/comments?post=53"}],"version-history":[{"count":10,"href":"https:\/\/criid.com.br\/en\/wp-json\/wp\/v2\/pages\/53\/revisions"}],"predecessor-version":[{"id":1500,"href":"https:\/\/criid.com.br\/en\/wp-json\/wp\/v2\/pages\/53\/revisions\/1500"}],"wp:attachment":[{"href":"https:\/\/criid.com.br\/en\/wp-json\/wp\/v2\/media?parent=53"}],"curies":[{"name":"wp","href":"https:\/\/api.w.org\/{rel}","templated":true}]}}