{"id":57,"date":"2022-04-22T18:20:57","date_gmt":"2022-04-22T21:20:57","guid":{"rendered":"https:\/\/criid.com.br\/?page_id=57"},"modified":"2022-08-10T15:40:44","modified_gmt":"2022-08-10T18:40:44","slug":"contrato-de-licenca","status":"publish","type":"page","link":"https:\/\/criid.com.br\/en\/contrato-de-licenca\/","title":{"rendered":"License Agreement"},"content":{"rendered":"<div data-elementor-type=\"wp-page\" data-elementor-id=\"57\" class=\"elementor elementor-57\">\n\t\t\t\t\t\t<section data-particle_enable=\"false\" data-particle-mobile-disabled=\"false\" class=\"elementor-section elementor-top-section elementor-element elementor-element-97b6892 elementor-section-boxed elementor-section-height-default elementor-section-height-default\" data-id=\"97b6892\" data-element_type=\"section\">\n\t\t\t\t\t\t<div class=\"elementor-container elementor-column-gap-default\">\n\t\t\t\t\t<div class=\"elementor-column elementor-col-100 elementor-top-column elementor-element elementor-element-4cd39d7\" data-id=\"4cd39d7\" data-element_type=\"column\">\n\t\t\t<div class=\"elementor-widget-wrap elementor-element-populated\">\n\t\t\t\t\t\t<div class=\"elementor-element elementor-element-f6bd605 elementor-widget elementor-widget-text-editor\" data-id=\"f6bd605\" data-element_type=\"widget\" data-widget_type=\"text-editor.default\">\n\t\t\t\t<div class=\"elementor-widget-container\">\n\t\t\t<style>\/*! elementor - v3.21.0 - 08-05-2024 *\/\n.elementor-widget-text-editor.elementor-drop-cap-view-stacked .elementor-drop-cap{background-color:#69727d;color:#fff}.elementor-widget-text-editor.elementor-drop-cap-view-framed .elementor-drop-cap{color:#69727d;border:3px solid;background-color:transparent}.elementor-widget-text-editor:not(.elementor-drop-cap-view-default) .elementor-drop-cap{margin-top:8px}.elementor-widget-text-editor:not(.elementor-drop-cap-view-default) .elementor-drop-cap-letter{width:1em;height:1em}.elementor-widget-text-editor .elementor-drop-cap{float:left;text-align:center;line-height:1;font-size:50px}.elementor-widget-text-editor .elementor-drop-cap-letter{display:inline-block}<\/style>\t\t\t\t<p>Termos de uso:<\/p><p>Estes termos de uso regem o acesso, navega\u00e7\u00e3o e uso pelos usu\u00e1rios (&#8220;Usu\u00e1rio&#8221; ou &#8220;Usu\u00e1rios&#8221;, conforme aplic\u00e1vel) de https:\/\/www.criid.com.br\/, incluindo qualquer um de seus subdom\u00ednios e\/ ou se\u00e7\u00f5es (&#8220;Site&#8221;); bem como os servi\u00e7os prestados atrav\u00e9s do Site (&#8220;Servi\u00e7o&#8221; ou &#8220;Servi\u00e7os&#8221;, conforme aplic\u00e1vel) que incluem o download e uso de determinados conte\u00fados. Acessar e usar o Site implica que o Usu\u00e1rio leu e aceita ficar vinculado a estes Termos sem exce\u00e7\u00e3o. Caso o Usu\u00e1rio n\u00e3o aceite os Termos ou tenha qualquer obje\u00e7\u00e3o a qualquer parte dos presentes Termos, o Usu\u00e1rio n\u00e3o dever\u00e1 utilizar o Site. A Empresa pode modificar os Termos a qualquer momento e, portanto, recomendamos que os Termos sejam revisados \u200b\u200bregularmente pelo Usu\u00e1rio. A data de in\u00edcio destes Termos refere-se \u00e0 \u00faltima atualiza\u00e7\u00e3o destes Termos, que ser\u00e1 aplic\u00e1vel a partir da data de publica\u00e7\u00e3o. Alguns Servi\u00e7os fornecidos atrav\u00e9s do Site podem estar sujeitos a condi\u00e7\u00f5es ou instru\u00e7\u00f5es espec\u00edficas que devem ser aceitas pelo Usu\u00e1rio antes da presta\u00e7\u00e3o do Servi\u00e7o relevante. Estas condi\u00e7\u00f5es espec\u00edficas podem ser impostas pela Empresa ou por terceiros. Tais condi\u00e7\u00f5es espec\u00edficas se aplicar\u00e3o al\u00e9m dos Termos e, em caso de conflito, substituir\u00e3o os Termos. Assim, o Usu\u00e1rio deve ler e aceitar tais condi\u00e7\u00f5es espec\u00edficas antes da presta\u00e7\u00e3o do Servi\u00e7o relevante. Da mesma forma, em rela\u00e7\u00e3o \u00e0 coleta e processamento de dados pessoais, a Pol\u00edtica de Privacidade ser\u00e1 aplicada.<\/p><p>Uso autorizado:<\/p><p>O Usu\u00e1rio s\u00f3 est\u00e1 autorizado a usar o Site e os Servi\u00e7os de acordo com os Termos e de boa f\u00e9. Em particular e sem limita\u00e7\u00e3o, os Usu\u00e1rios comprometem-se a que qualquer acesso ou download de qualquer conte\u00fado dispon\u00edvel no Site ou atrav\u00e9s dos Servi\u00e7os ser\u00e1 sempre o resultado de um interesse leg\u00edtimo e genu\u00edno do Usu\u00e1rio. O Utilizador compromete-se a n\u00e3o utilizar os Servi\u00e7os de forma negligente, fraudulenta ou de forma il\u00edcita que possa prejudicar a imagem, interesses ou direitos do Site ou de terceiros. O Usu\u00e1rio n\u00e3o interferir\u00e1 no funcionamento do Site ou nos Servi\u00e7os. O Usu\u00e1rio concorda em n\u00e3o realizar qualquer a\u00e7\u00e3o que possa danificar, tornar indispon\u00edvel, sobrecarregar, deteriorar ou impedir o uso normal do Site ou dos Servi\u00e7os, que possa impactar a seguran\u00e7a do Site ou dos Servi\u00e7os, ou que possa de alguma forma interferir com os Servi\u00e7os oferecidos pela Empresa. O uso de rob\u00f4s, aranhas ou qualquer outro mecanismo, aplicativo m\u00f3vel, programa ou ferramenta para acessar, copiar ou controlar qualquer parte do Site ou dos Servi\u00e7os de qualquer forma contr\u00e1ria ao uso normal do Site ou que infrinja os interesses da Empresa (sem sua expressa autoriza\u00e7\u00e3o pr\u00e9via) \u00e9 estritamente proibida. Da mesma forma, obter ou tentar obter o conte\u00fado do Site usando qualquer m\u00e9todo ou sistema n\u00e3o expressamente autorizado pela Empresa ou que n\u00e3o seja o m\u00e9todo comum de acesso ao Site tamb\u00e9m \u00e9 estritamente proibido. Os direitos concedidos ao Usu\u00e1rio nestes Termos s\u00e3o pessoais e n\u00e3o ser\u00e3o cedidos a terceiros (incluindo afiliadas ou entidades integrantes do mesmo grupo de empresas) total ou parcialmente, por qualquer meio, sem o consentimento pr\u00e9vio, expresso e por escrito da empresa.<\/p><p>Defini\u00e7\u00f5es:<\/p><p><strong>Identidades visuais:<\/strong> \u00e9 um conjunto de elementos gr\u00e1ficos, tipografias e cores trabalhadas dentro de um conceito e inspira\u00e7\u00f5es, que servem para identificar e auxiliar na comunica\u00e7\u00e3o visual do seu produto, servi\u00e7o ou projeto.<\/p><p><strong>Cria\u00e7\u00f5es:<\/strong> significam as pe\u00e7as gr\u00e1ficas criadas e disponibilizadas dentro do site CriiD.<\/p><p><strong>ID\u2019s:<\/strong> significam as Identidades Visuais.<\/p><p><strong>Propriedade:<\/strong> Salvo se expressamente concedido nos Termos, n\u00f3s e nossos licenciadores detemos todos os direitos, t\u00edtulos de propriedade e participa\u00e7\u00e3o relativos \u00e0s cria\u00e7\u00f5es do CriiD. Nenhum t\u00edtulo, nem participa\u00e7\u00e3o de propriedade relacionado \u00e0s cria\u00e7\u00f5es CriiD \u00e9 transferido a voc\u00ea em virtude dos Termos.<\/p><p>Licen\u00e7a de uso:<\/p><p>Todas as cria\u00e7\u00f5es dentro do site CriiD s\u00e3o protegidos por uma licen\u00e7a de uso. Com ela, voc\u00ea pode:<\/p><ul><li>Reproduzir digitalmente de forma ilimitada atrav\u00e9s das redes sociais em benef\u00edcio principal da sua empresa e marca, ou de seus clientes, caso voc\u00ea seja uma empresa prestadora de servi\u00e7os na \u00e1rea do design, designer freelancer, empresa de marketing digital, eventos ou publicidade.<\/li><li>Incluir o ativo em marketing por e-mail, publicidade para dispositivos m\u00f3veis ou em um programa de transmiss\u00e3o ou digital em benef\u00edcio principal da sua empresa e marca, ou de seus clientes, caso voc\u00ea seja uma empresa prestadora de servi\u00e7os na \u00e1rea do design, designer freelancer, empresa de marketing digital ou publicidade.<\/li><li>Voc\u00ea pode imprimir as cria\u00e7\u00f5es do CriiD desde que sejam reproduzidas, em seus respectivos formatos e tamanhos, dentro do limite m\u00e1ximo de 500.000 impressos (incluindo c\u00f3pias).<\/li><li>Compartilhar as cria\u00e7\u00f5es do CriiD com funcion\u00e1rios e subcontratados que concordarem por contrato a cumprir os termos de licen\u00e7a e utilizarem as pe\u00e7as para atender demandas dentro da empresa, sendo que voc\u00ea sempre ser\u00e1 o respons\u00e1vel pelos termos de uso das cria\u00e7\u00f5es CriiD.<\/li><\/ul><p>Com uma licen\u00e7a, voc\u00ea n\u00e3o pode:<\/p><ul><li>Distribuir o arquivo de maneira independente.<\/li><li>Revender as Cria\u00e7\u00f5es do CriiD como pacotes de modelos, ou em sites similares ao CriiD, ou em qualquer outro formato, seja ele f\u00edsico ou digital, mesmo que os textos ou quaisquer elementos sejam alterados.<\/li><li>Transferir a licen\u00e7a para mais de um empregador ou cliente, exceto se o ativo for licenciado separadamente para cada um deles.<\/li><li>Utilizar das cria\u00e7\u00f5es do site CriiD em produtos por meio de impress\u00e3o. Exemplo, uma lata de refrigerante, um livro did\u00e1tico. Caso haja a necessidade, entre em contato com a nossa equipe para adquirir uma licen\u00e7a estendida.<\/li><li>Usar, reproduzir, revender, exibir ou distribuir elementos isolados das cria\u00e7\u00f5es do CriiD, como grafismos, objetos 3D e fotos de propriedade CriiD.<\/li><\/ul><p>Restri\u00e7\u00f5es:<\/p><ul><li>Registrar, ou pedir registro, de uma marca comercial, marca de design, marca de servi\u00e7o ou nome comercial que utilize algum elemento isolado das ID\u2019s CriiD, nem reivindicar direitos de propriedade em uma tentativa de impedir que terceiros usem uma cria\u00e7\u00e3o do site CriiD.<\/li><li>Usar as cria\u00e7\u00f5es do site CriiD de forma editorial sem a linha de cr\u00e9dito ou atribui\u00e7\u00e3o que os acompanha, coloc\u00e1-la de forma razo\u00e1vel ao uso aplic\u00e1vel, no formato: Nome do auto\/criid.com.br.<\/li><li>Remover, obscurecer ou alterar qualquer aviso de propriedade associado com as cria\u00e7\u00f5es do CriiD, nem prestar declara\u00e7\u00f5es falsas de que voc\u00ea ou terceiros \u00e9 o criador ou o detentor dos direitos autorais e de propriedade de qualquer cria\u00e7\u00e3o CriiD.<\/li><li>Voc\u00ea s\u00f3 poder\u00e1 fazer uso Editorial de algum elemento isolado, como fotos de propriedade CriiD, de nossas ID\u2019s mediante altera\u00e7\u00e3o de sua licen\u00e7a. Para isso entre em contato com a nossa equipe.<\/li><li>Para usar as cria\u00e7\u00f5es CriiD para fins comerciais entre em contato com a nossa equipe para adquirir uma licen\u00e7a estendida.<\/li><\/ul><p>Atribui\u00e7\u00e3o:<\/p><ul><li>Para fins comerciais e editoriais, e principalmente audiovisual \u00e9 aconselh\u00e1vel a utiliza\u00e7\u00e3o da atribui\u00e7\u00e3o para as cria\u00e7\u00f5es CriiD.<\/li><\/ul><p>Termos para usu\u00e1rio:<\/p><p><strong>Conta do usu\u00e1rio da Assinatura:<\/strong> Voc\u00ea n\u00e3o pode transferir a sua assinatura, mas pode permitir o uso por parte de membros da sua equipe e colaboradores, desde que eles estejam cientes dos termos de uso.<\/p><p><strong>Usu\u00e1rios comerciais:<\/strong> Se um usu\u00e1rio comercial obtiver uma licen\u00e7a para qualquer cria\u00e7\u00e3o CriiD, essa licen\u00e7a ser\u00e1 concedida \u00e0 Empresa, tenha sido ela obtida antes ou ap\u00f3s a atualiza\u00e7\u00e3o mais recente dos Termos. O uso pelo usu\u00e1rio comercial de qualquer cria\u00e7\u00e3o CriiD \u00e9 regido pelo contrato da Empresa conosco. Uma cria\u00e7\u00e3o CriiD licenciada por uma Empresa pode ser usado somente pelos usu\u00e1rios comerciais de uma s\u00f3 entidade legal e n\u00e3o poder\u00e1 ser usada por afiliados.<\/p><p><strong>Cr\u00e9ditos: <\/strong>Os cr\u00e9ditos adquiridos pelos usu\u00e1rios na compra de nossas assinaturas pelo site CriiD n\u00e3o s\u00e3o reembols\u00e1veis e os cr\u00e9ditos n\u00e3o utilizados ao final de cada m\u00eas n\u00e3o s\u00e3o acumulativos. Os mesmos se renovam em 30 dias corridos a partir do dia da compra.<\/p><p>Efeitos de rescis\u00e3o:<\/p><p>Se a sua assinatura terminar, ou na rescis\u00e3o destes Termos:<\/p><p>Voc\u00ea perder\u00e1 todos os direitos, titularidade e participa\u00e7\u00e3o referentes \u00e0s cria\u00e7\u00f5es CriiD e todos os cr\u00e9ditos n\u00e3o utilizados ou cria\u00e7\u00f5es n\u00e3o utilizadas de um plano de assinatura, conforme aplic\u00e1vel.<\/p><p>Voc\u00ea deve fazer o download de quaisquer cria\u00e7\u00f5es CriiD licenciadas, pois estes poder\u00e3o n\u00e3o estar dispon\u00edveis ap\u00f3s o t\u00e9rmino ou rescis\u00e3o.<\/p><p>Se por algum motivo, cancelarmos o seu uso sobre qualquer cria\u00e7\u00e3o CriiD devido \u00e0 viola\u00e7\u00e3o dos Termos, voc\u00ea dever\u00e1 cessar todo o uso, reprodu\u00e7\u00e3o, exibi\u00e7\u00e3o, distribui\u00e7\u00e3o e posse dessas cria\u00e7\u00f5es.<\/p><p>Pol\u00edtica de funcionamento dos cr\u00e9ditos:<\/p><ul><li>O funcionamento dos cr\u00e9ditos \u00e9 regido pela pol\u00edtica de valores dentro do site CriiD. Verifique o valor dos cr\u00e9ditos no escopo de cada assinatura dentro do pr\u00f3prio site.<\/li><li>Os cr\u00e9ditos n\u00e3o podem ser transferidos para outras pessoas e nem estornados em caso de cancelamento da assinatura.<\/li><li>Em caso de uma cobran\u00e7a indevida de nossa parte, voc\u00ea pode solicitar o estorno dos cr\u00e9ditos com nossa equipe.<\/li><\/ul><p>Licen\u00e7a de imagens:<\/p><p>O site CriiD n\u00e3o disponibiliza as imagens, inclusas nas identidades visuais, que n\u00e3o fazem parte do seu acervo. Tais imagens s\u00e3o devidamente atribu\u00eddas aos previews de cada projeto como sugest\u00e3o, por\u00e9m n\u00e3o s\u00e3o, em nenhum momento, disponibilizadas para download.<\/p><p>J\u00e1 as imagens que fazem parte do acervo CriiD, de autoria pr\u00f3pria, s\u00e3o disponibilizadas para download junto \u00e0s identidades visuais. Estas imagens det\u00eam o mesmo licenciamento dos Termos, sendo que, utilizadas dentro da identidade visual licenciada para voc\u00ea ou para seu cliente. Sendo proibida a revenda, utiliza\u00e7\u00e3o editorial, exibi\u00e7\u00e3o, distribui\u00e7\u00e3o ou reprodu\u00e7\u00e3o deste item isoladamente.<\/p><p>Licen\u00e7a para fontes:<\/p><p>O site CriiD n\u00e3o se responsabiliza e n\u00e3o det\u00e9m quaisquer direitos autorais ou de propriedade sobre as tipografias que n\u00e3o s\u00e3o criadas diretamente pela equipe CriiD. Algumas das fontes utilizadas em nossas ID\u2019s n\u00e3o s\u00e3o de nossa autoria, portanto contribu\u00edmos apenas com a sugest\u00e3o de determinada tipografia em uma identidade visual.<\/p><p>Nenhuma das fontes de n\u00e3o autoria CriiD \u00e9 disponibilizada em nosso site, ou disponibilizada em nossos arquivos de downloads.<\/p><p>A utiliza\u00e7\u00e3o das fontes de n\u00e3o autoria CriiD, sugeridas em nossas ID\u2019s \u00e9 de sua \u00fanica e intransfer\u00edvel responsabilidade. Portanto deve-se ler e contribuir com a licen\u00e7a de uso de cada fonte individualmente.<\/p><p>Propriedade intelectual:<\/p><p>Todos os direitos de propriedade intelectual sobre o Site, os Servi\u00e7os e\/ou o Conte\u00fado CriiD, seu design e c\u00f3digo-fonte e todo o conte\u00fado inclu\u00eddo em qualquer um deles (incluindo, sem limita\u00e7\u00e3o, texto, imagens, anima\u00e7\u00f5es, bancos de dados, gr\u00e1ficos, logotipos, marcas registradas , \u00edcones, bot\u00f5es, fotos, v\u00eddeos, grava\u00e7\u00f5es de som, etc.) pertencem ou s\u00e3o licenciados para a Empresa. Exceto conforme expressamente autorizado nestes Termos, a reprodu\u00e7\u00e3o ou distribui\u00e7\u00e3o, bem como a transforma\u00e7\u00e3o, produ\u00e7\u00e3o de quaisquer trabalhos derivados de qualquer tipo, comunica\u00e7\u00e3o p\u00fablica, disponibiliza\u00e7\u00e3o, extra\u00e7\u00e3o, reutiliza\u00e7\u00e3o ou qualquer outro uso do Site, dos Servi\u00e7os, do Conte\u00fado CriiD ou qualquer de suas partes, \u00e9 estritamente proibido. O Conte\u00fado Patrocinado e o Conte\u00fado do Colaborador s\u00e3o protegidos por direitos de propriedade intelectual, conforme o caso, e pertencem a seus propriet\u00e1rios. Em rela\u00e7\u00e3o ao Conte\u00fado Patrocinado, embora os Servi\u00e7os possam localizar e fornecer acesso a esses conte\u00fados, seu download e uso est\u00e3o sujeitos \u00e0s condi\u00e7\u00f5es estabelecidas pelo terceiro relevante. A Empresa n\u00e3o \u00e9 propriet\u00e1ria e n\u00e3o pode conceder qualquer licen\u00e7a ou autoriza\u00e7\u00e3o em rela\u00e7\u00e3o ao Conte\u00fado Patrocinado. O Usu\u00e1rio deve obter as autoriza\u00e7\u00f5es que, em cada caso, s\u00e3o exigidas para usar qualquer Conte\u00fado Patrocinado, indicadas no site relevante, a partir do qual o Usu\u00e1rio poder\u00e1 baixar o Conte\u00fado Patrocinado. Se voc\u00ea acredita que qualquer conte\u00fado infrinja direitos de terceiros ou n\u00e3o esteja em conformidade com estes Termos, voc\u00ea pode denunci\u00e1-lo \u00e0 Empresa conforme estabelecido nestes Termos.<\/p><p>Medida cautelar:<\/p><p>Em caso de acesso ou uso n\u00e3o autorizado das cria\u00e7\u00f5es CriiD em viola\u00e7\u00e3o destes Termos, voc\u00ea concorda que temos o direito de aplicar medidas cautelares ou um equivalente de medida judicial urgente, em qualquer jurisdi\u00e7\u00e3o, sem fornecer uma notifica\u00e7\u00e3o ou uma oportunidade de sanar a viola\u00e7\u00e3o.<\/p>\t\t\t\t\t\t<\/div>\n\t\t\t\t<\/div>\n\t\t\t\t\t<\/div>\n\t\t<\/div>\n\t\t\t\t\t<\/div>\n\t\t<\/section>\n\t\t\t\t<\/div>","protected":false},"excerpt":{"rendered":"<p>Termos de uso: Estes termos de uso regem o acesso, navega\u00e7\u00e3o e uso pelos usu\u00e1rios (&#8220;Usu\u00e1rio&#8221; ou &#8220;Usu\u00e1rios&#8221;, conforme aplic\u00e1vel) de https:\/\/www.criid.com.br\/, incluindo qualquer um de seus subdom\u00ednios e\/ ou se\u00e7\u00f5es (&#8220;Site&#8221;); bem como os servi\u00e7os prestados atrav\u00e9s do Site (&#8220;Servi\u00e7o&#8221; ou &#8220;Servi\u00e7os&#8221;, conforme aplic\u00e1vel) que incluem o download e uso de determinados conte\u00fados. Acessar [&hellip;]<\/p>","protected":false},"author":1,"featured_media":0,"parent":0,"menu_order":0,"comment_status":"closed","ping_status":"closed","template":"","meta":{"footnotes":""},"class_list":["post-57","page","type-page","status-publish","hentry"],"_links":{"self":[{"href":"https:\/\/criid.com.br\/en\/wp-json\/wp\/v2\/pages\/57","targetHints":{"allow":["GET"]}}],"collection":[{"href":"https:\/\/criid.com.br\/en\/wp-json\/wp\/v2\/pages"}],"about":[{"href":"https:\/\/criid.com.br\/en\/wp-json\/wp\/v2\/types\/page"}],"author":[{"embeddable":true,"href":"https:\/\/criid.com.br\/en\/wp-json\/wp\/v2\/users\/1"}],"replies":[{"embeddable":true,"href":"https:\/\/criid.com.br\/en\/wp-json\/wp\/v2\/comments?post=57"}],"version-history":[{"count":16,"href":"https:\/\/criid.com.br\/en\/wp-json\/wp\/v2\/pages\/57\/revisions"}],"predecessor-version":[{"id":3222,"href":"https:\/\/criid.com.br\/en\/wp-json\/wp\/v2\/pages\/57\/revisions\/3222"}],"wp:attachment":[{"href":"https:\/\/criid.com.br\/en\/wp-json\/wp\/v2\/media?parent=57"}],"curies":[{"name":"wp","href":"https:\/\/api.w.org\/{rel}","templated":true}]}}