{"id":1408,"date":"2022-05-16T15:32:50","date_gmt":"2022-05-16T18:32:50","guid":{"rendered":"https:\/\/criid.com.br\/?post_type=product&#038;p=1408"},"modified":"2023-10-18T20:53:23","modified_gmt":"2023-10-18T23:53:23","slug":"coroa-e-mail-mkt","status":"publish","type":"product","link":"https:\/\/criid.com.br\/en\/product\/coroa-e-mail-mkt\/","title":{"rendered":"Alegra Post Instagram Vertical"},"content":{"rendered":"","protected":false},"excerpt":{"rendered":"<div class=\"elementor-element elementor-element-5265d80 elementor-widget elementor-widget-woocommerce-product-short-description\" data-id=\"5265d80\" data-element_type=\"widget\" data-widget_type=\"woocommerce-product-short-description.default\">\n<div class=\"elementor-widget-container\">\n<div class=\"woocommerce-product-details__short-description\">\n<p>Pe\u00e7a digital edit\u00e1vel em alta resolu\u00e7\u00e3o para post do Instagram.<\/p>\n<p>Tamanho 1080 x 1350 pixels.<\/p>\n<p>Download no formato de Ilustrator\/Photoshop ou PowerPoint.<\/p>\n<\/div>\n<\/div>\n<\/div>","protected":false},"featured_media":2462,"template":"","meta":[],"product_cat":[27,31],"product_tag":[110,106,108,112,113,109,111,61,57,114,115,107],"class_list":["post-1408","product","type-product","status-publish","has-post-thumbnail","hentry","product_cat-digital","product_cat-posts","product_tag-alegria","product_tag-comercio","product_tag-compras","product_tag-diversao","product_tag-energia","product_tag-frevo","product_tag-fun","product_tag-innovation","product_tag-inovacao","product_tag-market","product_tag-store","product_tag-varejo"],"_links":{"self":[{"href":"https:\/\/criid.com.br\/en\/wp-json\/wp\/v2\/product\/1408","targetHints":{"allow":["GET"]}}],"collection":[{"href":"https:\/\/criid.com.br\/en\/wp-json\/wp\/v2\/product"}],"about":[{"href":"https:\/\/criid.com.br\/en\/wp-json\/wp\/v2\/types\/product"}],"wp:featuredmedia":[{"embeddable":true,"href":"https:\/\/criid.com.br\/en\/wp-json\/wp\/v2\/media\/2462"}],"wp:attachment":[{"href":"https:\/\/criid.com.br\/en\/wp-json\/wp\/v2\/media?parent=1408"}],"wp:term":[{"taxonomy":"product_cat","embeddable":true,"href":"https:\/\/criid.com.br\/en\/wp-json\/wp\/v2\/product_cat?post=1408"},{"taxonomy":"product_tag","embeddable":true,"href":"https:\/\/criid.com.br\/en\/wp-json\/wp\/v2\/product_tag?post=1408"}],"curies":[{"name":"wp","href":"https:\/\/api.w.org\/{rel}","templated":true}]}}