{"id":1902,"date":"2022-07-11T19:00:05","date_gmt":"2022-07-11T22:00:05","guid":{"rendered":"https:\/\/criid.com.br\/?post_type=product&#038;p=1902"},"modified":"2022-07-11T20:13:22","modified_gmt":"2022-07-11T23:13:22","slug":"diamond-e-mail-marketing","status":"publish","type":"product","link":"https:\/\/criid.com.br\/en\/product\/diamond-e-mail-marketing\/","title":{"rendered":"Diamond E-mail Marketing"},"content":{"rendered":"","protected":false},"excerpt":{"rendered":"<p>O E-mail Marketing pode se tornar uma grande ferramenta para divulga\u00e7\u00e3o do seu projeto ou produto. Alcance mais clientes com criatividade.<\/p>\n<p>Esta \u00e9 uma arte edit\u00e1vel dentro da identidade visual Diamond. Voc\u00ea pode fazer o download no formato de Ilustrator ou power point.<\/p>","protected":false},"featured_media":1932,"template":"","meta":[],"product_cat":[41],"product_tag":[68,79,73,74,64,80,78,69,63,61,57,65,75,77,71,62,58],"class_list":["post-1902","product","type-product","status-publish","has-post-thumbnail","hentry","product_cat-e-mail-marketing","product_tag-business","product_tag-company","product_tag-conexao","product_tag-empreendedor","product_tag-empresa","product_tag-empresarial","product_tag-entrepreneur","product_tag-futuro","product_tag-governo","product_tag-innovation","product_tag-inovacao","product_tag-institucional","product_tag-marketing","product_tag-negocios","product_tag-reuniao","product_tag-technology","product_tag-tecnologia"],"_links":{"self":[{"href":"https:\/\/criid.com.br\/en\/wp-json\/wp\/v2\/product\/1902","targetHints":{"allow":["GET"]}}],"collection":[{"href":"https:\/\/criid.com.br\/en\/wp-json\/wp\/v2\/product"}],"about":[{"href":"https:\/\/criid.com.br\/en\/wp-json\/wp\/v2\/types\/product"}],"wp:featuredmedia":[{"embeddable":true,"href":"https:\/\/criid.com.br\/en\/wp-json\/wp\/v2\/media\/1932"}],"wp:attachment":[{"href":"https:\/\/criid.com.br\/en\/wp-json\/wp\/v2\/media?parent=1902"}],"wp:term":[{"taxonomy":"product_cat","embeddable":true,"href":"https:\/\/criid.com.br\/en\/wp-json\/wp\/v2\/product_cat?post=1902"},{"taxonomy":"product_tag","embeddable":true,"href":"https:\/\/criid.com.br\/en\/wp-json\/wp\/v2\/product_tag?post=1902"}],"curies":[{"name":"wp","href":"https:\/\/api.w.org\/{rel}","templated":true}]}}