{"id":1919,"date":"2022-07-11T19:20:25","date_gmt":"2022-07-11T22:20:25","guid":{"rendered":"https:\/\/criid.com.br\/?post_type=product&#038;p=1919"},"modified":"2022-07-11T19:20:26","modified_gmt":"2022-07-11T22:20:26","slug":"diamond-capa-sympla","status":"publish","type":"product","link":"https:\/\/criid.com.br\/en\/product\/diamond-capa-sympla\/","title":{"rendered":"Diamond Capa Sympla"},"content":{"rendered":"","protected":false},"excerpt":{"rendered":"<p>Esta \u00e9 uma arte edit\u00e1vel para divulga\u00e7\u00e3o do seu projeto ou evento no Sympla ( www.sympla.com.br ), dentro de uma identidade visual com diversas outras pe\u00e7as de divulga\u00e7\u00e3o. Voc\u00ea far\u00e1 o download no formato de Ilustrator\/Photoshop ou Power point.<\/p>","protected":false},"featured_media":1922,"template":"","meta":[],"product_cat":[36,37],"product_tag":[68,60,79,73,70,74,76,64,78,69,63,57,65,75,72,77,71,62,58],"class_list":["post-1919","product","type-product","status-publish","has-post-thumbnail","hentry","product_cat-eventos","product_cat-sympla","product_tag-business","product_tag-ciencia","product_tag-company","product_tag-conexao","product_tag-diamante","product_tag-empreendedor","product_tag-empreendedorismo","product_tag-empresa","product_tag-entrepreneur","product_tag-futuro","product_tag-governo","product_tag-inovacao","product_tag-institucional","product_tag-marketing","product_tag-meeting","product_tag-negocios","product_tag-reuniao","product_tag-technology","product_tag-tecnologia"],"_links":{"self":[{"href":"https:\/\/criid.com.br\/en\/wp-json\/wp\/v2\/product\/1919","targetHints":{"allow":["GET"]}}],"collection":[{"href":"https:\/\/criid.com.br\/en\/wp-json\/wp\/v2\/product"}],"about":[{"href":"https:\/\/criid.com.br\/en\/wp-json\/wp\/v2\/types\/product"}],"wp:featuredmedia":[{"embeddable":true,"href":"https:\/\/criid.com.br\/en\/wp-json\/wp\/v2\/media\/1922"}],"wp:attachment":[{"href":"https:\/\/criid.com.br\/en\/wp-json\/wp\/v2\/media?parent=1919"}],"wp:term":[{"taxonomy":"product_cat","embeddable":true,"href":"https:\/\/criid.com.br\/en\/wp-json\/wp\/v2\/product_cat?post=1919"},{"taxonomy":"product_tag","embeddable":true,"href":"https:\/\/criid.com.br\/en\/wp-json\/wp\/v2\/product_tag?post=1919"}],"curies":[{"name":"wp","href":"https:\/\/api.w.org\/{rel}","templated":true}]}}