{"id":1925,"date":"2022-07-11T20:07:10","date_gmt":"2022-07-11T23:07:10","guid":{"rendered":"https:\/\/criid.com.br\/?post_type=product&#038;p=1925"},"modified":"2022-07-11T20:07:11","modified_gmt":"2022-07-11T23:07:11","slug":"diamond-certificado","status":"publish","type":"product","link":"https:\/\/criid.com.br\/en\/product\/diamond-certificado\/","title":{"rendered":"Diamond Certificado"},"content":{"rendered":"","protected":false},"excerpt":{"rendered":"<p>Esta \u00e9 uma arte edit\u00e1vel de certificado digital, que voc\u00ea pode enviar para todos os participantes do seu evento. Voc\u00ea far\u00e1 o download no formato de Ilustrator\/Photoshop ou Power Point.<\/p>","protected":false},"featured_media":1928,"template":"","meta":[],"product_cat":[38,36],"product_tag":[68,79,73,70,74,76,64,80,78,69,63,61,57,75,71,62,58],"class_list":["post-1925","product","type-product","status-publish","has-post-thumbnail","hentry","product_cat-certificados","product_cat-eventos","product_tag-business","product_tag-company","product_tag-conexao","product_tag-diamante","product_tag-empreendedor","product_tag-empreendedorismo","product_tag-empresa","product_tag-empresarial","product_tag-entrepreneur","product_tag-futuro","product_tag-governo","product_tag-innovation","product_tag-inovacao","product_tag-marketing","product_tag-reuniao","product_tag-technology","product_tag-tecnologia"],"_links":{"self":[{"href":"https:\/\/criid.com.br\/en\/wp-json\/wp\/v2\/product\/1925","targetHints":{"allow":["GET"]}}],"collection":[{"href":"https:\/\/criid.com.br\/en\/wp-json\/wp\/v2\/product"}],"about":[{"href":"https:\/\/criid.com.br\/en\/wp-json\/wp\/v2\/types\/product"}],"wp:featuredmedia":[{"embeddable":true,"href":"https:\/\/criid.com.br\/en\/wp-json\/wp\/v2\/media\/1928"}],"wp:attachment":[{"href":"https:\/\/criid.com.br\/en\/wp-json\/wp\/v2\/media?parent=1925"}],"wp:term":[{"taxonomy":"product_cat","embeddable":true,"href":"https:\/\/criid.com.br\/en\/wp-json\/wp\/v2\/product_cat?post=1925"},{"taxonomy":"product_tag","embeddable":true,"href":"https:\/\/criid.com.br\/en\/wp-json\/wp\/v2\/product_tag?post=1925"}],"curies":[{"name":"wp","href":"https:\/\/api.w.org\/{rel}","templated":true}]}}