{"id":2385,"date":"2022-07-25T17:19:49","date_gmt":"2022-07-25T20:19:49","guid":{"rendered":"https:\/\/criid.com.br\/?post_type=product&#038;p=2385"},"modified":"2022-07-25T17:19:50","modified_gmt":"2022-07-25T20:19:50","slug":"alegra-capa-sympla","status":"publish","type":"product","link":"https:\/\/criid.com.br\/en\/product\/alegra-capa-sympla\/","title":{"rendered":"Alegra Capa Sympla"},"content":{"rendered":"","protected":false},"excerpt":{"rendered":"<p>Esta \u00e9 uma arte edit\u00e1vel para divulga\u00e7\u00e3o do seu projeto ou evento no Sympla (www.sympla.com.br). Voc\u00ea far\u00e1 o download no formato de Ilustrator\/Photoshop ou Power point.<\/p>","protected":false},"featured_media":2388,"template":"","meta":[],"product_cat":[36,37],"product_tag":[110,106,108,112,113,109,111,61,57,114,115,107],"class_list":["post-2385","product","type-product","status-publish","has-post-thumbnail","hentry","product_cat-eventos","product_cat-sympla","product_tag-alegria","product_tag-comercio","product_tag-compras","product_tag-diversao","product_tag-energia","product_tag-frevo","product_tag-fun","product_tag-innovation","product_tag-inovacao","product_tag-market","product_tag-store","product_tag-varejo"],"_links":{"self":[{"href":"https:\/\/criid.com.br\/en\/wp-json\/wp\/v2\/product\/2385","targetHints":{"allow":["GET"]}}],"collection":[{"href":"https:\/\/criid.com.br\/en\/wp-json\/wp\/v2\/product"}],"about":[{"href":"https:\/\/criid.com.br\/en\/wp-json\/wp\/v2\/types\/product"}],"wp:featuredmedia":[{"embeddable":true,"href":"https:\/\/criid.com.br\/en\/wp-json\/wp\/v2\/media\/2388"}],"wp:attachment":[{"href":"https:\/\/criid.com.br\/en\/wp-json\/wp\/v2\/media?parent=2385"}],"wp:term":[{"taxonomy":"product_cat","embeddable":true,"href":"https:\/\/criid.com.br\/en\/wp-json\/wp\/v2\/product_cat?post=2385"},{"taxonomy":"product_tag","embeddable":true,"href":"https:\/\/criid.com.br\/en\/wp-json\/wp\/v2\/product_tag?post=2385"}],"curies":[{"name":"wp","href":"https:\/\/api.w.org\/{rel}","templated":true}]}}