{"id":2391,"date":"2022-07-25T17:32:16","date_gmt":"2022-07-25T20:32:16","guid":{"rendered":"https:\/\/criid.com.br\/?post_type=product&#038;p=2391"},"modified":"2022-07-25T17:32:16","modified_gmt":"2022-07-25T20:32:16","slug":"alegra-certificado","status":"publish","type":"product","link":"https:\/\/criid.com.br\/en\/product\/alegra-certificado\/","title":{"rendered":"Alegra Certificado"},"content":{"rendered":"","protected":false},"excerpt":{"rendered":"<p>Esta \u00e9 uma arte edit\u00e1vel de certificado digital, que voc\u00ea pode enviar para todos os participantes do seu evento. Voc\u00ea far\u00e1 o download no formato de Ilustrator\/Photoshop ou Power Point.<\/p>","protected":false},"featured_media":2394,"template":"","meta":[],"product_cat":[38,36],"product_tag":[110,106,108,112,113,109,111,61,57,114,115,107],"class_list":["post-2391","product","type-product","status-publish","has-post-thumbnail","hentry","product_cat-certificados","product_cat-eventos","product_tag-alegria","product_tag-comercio","product_tag-compras","product_tag-diversao","product_tag-energia","product_tag-frevo","product_tag-fun","product_tag-innovation","product_tag-inovacao","product_tag-market","product_tag-store","product_tag-varejo"],"_links":{"self":[{"href":"https:\/\/criid.com.br\/en\/wp-json\/wp\/v2\/product\/2391","targetHints":{"allow":["GET"]}}],"collection":[{"href":"https:\/\/criid.com.br\/en\/wp-json\/wp\/v2\/product"}],"about":[{"href":"https:\/\/criid.com.br\/en\/wp-json\/wp\/v2\/types\/product"}],"wp:featuredmedia":[{"embeddable":true,"href":"https:\/\/criid.com.br\/en\/wp-json\/wp\/v2\/media\/2394"}],"wp:attachment":[{"href":"https:\/\/criid.com.br\/en\/wp-json\/wp\/v2\/media?parent=2391"}],"wp:term":[{"taxonomy":"product_cat","embeddable":true,"href":"https:\/\/criid.com.br\/en\/wp-json\/wp\/v2\/product_cat?post=2391"},{"taxonomy":"product_tag","embeddable":true,"href":"https:\/\/criid.com.br\/en\/wp-json\/wp\/v2\/product_tag?post=2391"}],"curies":[{"name":"wp","href":"https:\/\/api.w.org\/{rel}","templated":true}]}}