{"id":2402,"date":"2022-07-25T18:16:17","date_gmt":"2022-07-25T21:16:17","guid":{"rendered":"https:\/\/criid.com.br\/?post_type=product&#038;p=2402"},"modified":"2022-07-25T18:16:18","modified_gmt":"2022-07-25T21:16:18","slug":"alegra-capa-facebook-eventos","status":"publish","type":"product","link":"https:\/\/criid.com.br\/en\/product\/alegra-capa-facebook-eventos\/","title":{"rendered":"Alegra Capa Facebook Eventos"},"content":{"rendered":"","protected":false},"excerpt":{"rendered":"<p>Esta \u00e9 uma cria\u00e7\u00e3o edit\u00e1vel para capa de Eventos do Facebook. Voc\u00ea ir\u00e1 fazer o download em Ilustrator\/Photoshop ou PowerPoint.<\/p>","protected":false},"featured_media":2405,"template":"","meta":[],"product_cat":[32,27],"product_tag":[110,106,108,112,113,109,111,61,57,114,115,107],"class_list":["post-2402","product","type-product","status-publish","has-post-thumbnail","hentry","product_cat-capas","product_cat-digital","product_tag-alegria","product_tag-comercio","product_tag-compras","product_tag-diversao","product_tag-energia","product_tag-frevo","product_tag-fun","product_tag-innovation","product_tag-inovacao","product_tag-market","product_tag-store","product_tag-varejo"],"_links":{"self":[{"href":"https:\/\/criid.com.br\/en\/wp-json\/wp\/v2\/product\/2402","targetHints":{"allow":["GET"]}}],"collection":[{"href":"https:\/\/criid.com.br\/en\/wp-json\/wp\/v2\/product"}],"about":[{"href":"https:\/\/criid.com.br\/en\/wp-json\/wp\/v2\/types\/product"}],"wp:featuredmedia":[{"embeddable":true,"href":"https:\/\/criid.com.br\/en\/wp-json\/wp\/v2\/media\/2405"}],"wp:attachment":[{"href":"https:\/\/criid.com.br\/en\/wp-json\/wp\/v2\/media?parent=2402"}],"wp:term":[{"taxonomy":"product_cat","embeddable":true,"href":"https:\/\/criid.com.br\/en\/wp-json\/wp\/v2\/product_cat?post=2402"},{"taxonomy":"product_tag","embeddable":true,"href":"https:\/\/criid.com.br\/en\/wp-json\/wp\/v2\/product_tag?post=2402"}],"curies":[{"name":"wp","href":"https:\/\/api.w.org\/{rel}","templated":true}]}}