{"id":2446,"date":"2022-07-26T07:43:36","date_gmt":"2022-07-26T10:43:36","guid":{"rendered":"https:\/\/criid.com.br\/?post_type=product&#038;p=2446"},"modified":"2022-07-26T07:43:37","modified_gmt":"2022-07-26T10:43:37","slug":"alegra-post-link","status":"publish","type":"product","link":"https:\/\/criid.com.br\/en\/product\/alegra-post-link\/","title":{"rendered":"Alegra Post Link"},"content":{"rendered":"","protected":false},"excerpt":{"rendered":"<div class=\"elementor-element elementor-element-5265d80 elementor-widget elementor-widget-woocommerce-product-short-description\" data-id=\"5265d80\" data-element_type=\"widget\" data-widget_type=\"woocommerce-product-short-description.default\">\n<div class=\"elementor-widget-container\">\n<div class=\"woocommerce-product-details__short-description\">\n<p>Pe\u00e7a digital edit\u00e1vel em alta resolu\u00e7\u00e3o para post das redes sociais: Facebook e Linkedin.<\/p>\n<p>Tamanho 1200 x 628 pixels.<\/p>\n<p>Download no formato de Ilustrator\/Photoshop ou PowerPoint.<\/p>\n<\/div>\n<\/div>\n<\/div>","protected":false},"featured_media":2449,"template":"","meta":[],"product_cat":[27,31],"product_tag":[110,106,108,112,113,109,111,61,57,114,115,107],"class_list":["post-2446","product","type-product","status-publish","has-post-thumbnail","hentry","product_cat-digital","product_cat-posts","product_tag-alegria","product_tag-comercio","product_tag-compras","product_tag-diversao","product_tag-energia","product_tag-frevo","product_tag-fun","product_tag-innovation","product_tag-inovacao","product_tag-market","product_tag-store","product_tag-varejo"],"_links":{"self":[{"href":"https:\/\/criid.com.br\/en\/wp-json\/wp\/v2\/product\/2446","targetHints":{"allow":["GET"]}}],"collection":[{"href":"https:\/\/criid.com.br\/en\/wp-json\/wp\/v2\/product"}],"about":[{"href":"https:\/\/criid.com.br\/en\/wp-json\/wp\/v2\/types\/product"}],"wp:featuredmedia":[{"embeddable":true,"href":"https:\/\/criid.com.br\/en\/wp-json\/wp\/v2\/media\/2449"}],"wp:attachment":[{"href":"https:\/\/criid.com.br\/en\/wp-json\/wp\/v2\/media?parent=2446"}],"wp:term":[{"taxonomy":"product_cat","embeddable":true,"href":"https:\/\/criid.com.br\/en\/wp-json\/wp\/v2\/product_cat?post=2446"},{"taxonomy":"product_tag","embeddable":true,"href":"https:\/\/criid.com.br\/en\/wp-json\/wp\/v2\/product_tag?post=2446"}],"curies":[{"name":"wp","href":"https:\/\/api.w.org\/{rel}","templated":true}]}}