{"id":2502,"date":"2022-07-28T23:29:05","date_gmt":"2022-07-29T02:29:05","guid":{"rendered":"https:\/\/criid.com.br\/?post_type=product&#038;p=2502"},"modified":"2022-08-24T15:11:23","modified_gmt":"2022-08-24T18:11:23","slug":"futurata-apresentacao-mobile","status":"publish","type":"product","link":"https:\/\/criid.com.br\/en\/product\/futurata-apresentacao-mobile\/","title":{"rendered":"Futurata Apresenta\u00e7\u00e3o Mobile"},"content":{"rendered":"","protected":false},"excerpt":{"rendered":"<p>Futurata \u00e9 uma identidade visual inspirada no embate entre a humanidade e a tecnologia, entre a vida cotidiana e a intelig\u00eancia artificial. Exibe elementos como esferas, linhas de conex\u00e3o e expans\u00e3o, juntamente com um background esfuma\u00e7ado que revela aos poucos sua forma\u2026<\/p>","protected":false},"featured_media":2505,"template":"","meta":[],"product_cat":[30],"product_tag":[73,76,117,61,57,101,116],"class_list":["post-2502","product","type-product","status-publish","has-post-thumbnail","hentry","product_cat-apresentacoes","product_tag-conexao","product_tag-empreendedorismo","product_tag-green","product_tag-innovation","product_tag-inovacao","product_tag-startup","product_tag-verde"],"_links":{"self":[{"href":"https:\/\/criid.com.br\/en\/wp-json\/wp\/v2\/product\/2502","targetHints":{"allow":["GET"]}}],"collection":[{"href":"https:\/\/criid.com.br\/en\/wp-json\/wp\/v2\/product"}],"about":[{"href":"https:\/\/criid.com.br\/en\/wp-json\/wp\/v2\/types\/product"}],"wp:featuredmedia":[{"embeddable":true,"href":"https:\/\/criid.com.br\/en\/wp-json\/wp\/v2\/media\/2505"}],"wp:attachment":[{"href":"https:\/\/criid.com.br\/en\/wp-json\/wp\/v2\/media?parent=2502"}],"wp:term":[{"taxonomy":"product_cat","embeddable":true,"href":"https:\/\/criid.com.br\/en\/wp-json\/wp\/v2\/product_cat?post=2502"},{"taxonomy":"product_tag","embeddable":true,"href":"https:\/\/criid.com.br\/en\/wp-json\/wp\/v2\/product_tag?post=2502"}],"curies":[{"name":"wp","href":"https:\/\/api.w.org\/{rel}","templated":true}]}}