{"id":2527,"date":"2022-07-28T23:44:46","date_gmt":"2022-07-29T02:44:46","guid":{"rendered":"https:\/\/criid.com.br\/?post_type=product&#038;p=2527"},"modified":"2022-07-28T23:44:47","modified_gmt":"2022-07-29T02:44:47","slug":"futurata-capa-sympla","status":"publish","type":"product","link":"https:\/\/criid.com.br\/en\/product\/futurata-capa-sympla\/","title":{"rendered":"Futurata Capa Sympla"},"content":{"rendered":"","protected":false},"excerpt":{"rendered":"<p>Esta \u00e9 uma arte edit\u00e1vel para divulga\u00e7\u00e3o do seu projeto ou evento no Sympla (www.sympla.com.br). Voc\u00ea far\u00e1 o download no formato de Ilustrator\/Photoshop ou Power point.<\/p>","protected":false},"featured_media":2530,"template":"","meta":[],"product_cat":[36,37],"product_tag":[73,76,117,61,57,101,116],"class_list":["post-2527","product","type-product","status-publish","has-post-thumbnail","hentry","product_cat-eventos","product_cat-sympla","product_tag-conexao","product_tag-empreendedorismo","product_tag-green","product_tag-innovation","product_tag-inovacao","product_tag-startup","product_tag-verde"],"_links":{"self":[{"href":"https:\/\/criid.com.br\/en\/wp-json\/wp\/v2\/product\/2527","targetHints":{"allow":["GET"]}}],"collection":[{"href":"https:\/\/criid.com.br\/en\/wp-json\/wp\/v2\/product"}],"about":[{"href":"https:\/\/criid.com.br\/en\/wp-json\/wp\/v2\/types\/product"}],"wp:featuredmedia":[{"embeddable":true,"href":"https:\/\/criid.com.br\/en\/wp-json\/wp\/v2\/media\/2530"}],"wp:attachment":[{"href":"https:\/\/criid.com.br\/en\/wp-json\/wp\/v2\/media?parent=2527"}],"wp:term":[{"taxonomy":"product_cat","embeddable":true,"href":"https:\/\/criid.com.br\/en\/wp-json\/wp\/v2\/product_cat?post=2527"},{"taxonomy":"product_tag","embeddable":true,"href":"https:\/\/criid.com.br\/en\/wp-json\/wp\/v2\/product_tag?post=2527"}],"curies":[{"name":"wp","href":"https:\/\/api.w.org\/{rel}","templated":true}]}}