{"id":2533,"date":"2022-07-28T23:55:59","date_gmt":"2022-07-29T02:55:59","guid":{"rendered":"https:\/\/criid.com.br\/?post_type=product&#038;p=2533"},"modified":"2022-07-28T23:55:59","modified_gmt":"2022-07-29T02:55:59","slug":"futurata-certificado","status":"publish","type":"product","link":"https:\/\/criid.com.br\/en\/product\/futurata-certificado\/","title":{"rendered":"Futurata Certificado"},"content":{"rendered":"","protected":false},"excerpt":{"rendered":"<p>Esta \u00e9 uma arte edit\u00e1vel de certificado digital, que voc\u00ea pode enviar para todos os participantes do seu evento. Voc\u00ea far\u00e1 o download no formato de Ilustrator\/Photoshop ou Power Point.<\/p>","protected":false},"featured_media":2536,"template":"","meta":[],"product_cat":[38,36],"product_tag":[73,76,117,61,57,101,116],"class_list":["post-2533","product","type-product","status-publish","has-post-thumbnail","hentry","product_cat-certificados","product_cat-eventos","product_tag-conexao","product_tag-empreendedorismo","product_tag-green","product_tag-innovation","product_tag-inovacao","product_tag-startup","product_tag-verde"],"_links":{"self":[{"href":"https:\/\/criid.com.br\/en\/wp-json\/wp\/v2\/product\/2533","targetHints":{"allow":["GET"]}}],"collection":[{"href":"https:\/\/criid.com.br\/en\/wp-json\/wp\/v2\/product"}],"about":[{"href":"https:\/\/criid.com.br\/en\/wp-json\/wp\/v2\/types\/product"}],"wp:featuredmedia":[{"embeddable":true,"href":"https:\/\/criid.com.br\/en\/wp-json\/wp\/v2\/media\/2536"}],"wp:attachment":[{"href":"https:\/\/criid.com.br\/en\/wp-json\/wp\/v2\/media?parent=2533"}],"wp:term":[{"taxonomy":"product_cat","embeddable":true,"href":"https:\/\/criid.com.br\/en\/wp-json\/wp\/v2\/product_cat?post=2533"},{"taxonomy":"product_tag","embeddable":true,"href":"https:\/\/criid.com.br\/en\/wp-json\/wp\/v2\/product_tag?post=2533"}],"curies":[{"name":"wp","href":"https:\/\/api.w.org\/{rel}","templated":true}]}}