{"id":2540,"date":"2022-07-29T09:38:25","date_gmt":"2022-07-29T12:38:25","guid":{"rendered":"https:\/\/criid.com.br\/?post_type=product&#038;p=2540"},"modified":"2022-07-29T09:38:26","modified_gmt":"2022-07-29T12:38:26","slug":"futurata-capa-facebook","status":"publish","type":"product","link":"https:\/\/criid.com.br\/en\/product\/futurata-capa-facebook\/","title":{"rendered":"Futurata Capa Facebook"},"content":{"rendered":"","protected":false},"excerpt":{"rendered":"<p>Fa\u00e7a o download da pe\u00e7a digital, edit\u00e1vel e em alta resolu\u00e7\u00e3o para capa do Facebook. Ela est\u00e1 inserida dentro da identidade visual Futurata. Download no formato de Ilustrator\/Photoshop ou PowerPoint.<\/p>","protected":false},"featured_media":2543,"template":"","meta":[],"product_cat":[32,27],"product_tag":[118,73,76,69,117,61,57,62,58,116],"class_list":["post-2540","product","type-product","status-publish","has-post-thumbnail","hentry","product_cat-capas","product_cat-digital","product_tag-3d","product_tag-conexao","product_tag-empreendedorismo","product_tag-futuro","product_tag-green","product_tag-innovation","product_tag-inovacao","product_tag-technology","product_tag-tecnologia","product_tag-verde"],"_links":{"self":[{"href":"https:\/\/criid.com.br\/en\/wp-json\/wp\/v2\/product\/2540","targetHints":{"allow":["GET"]}}],"collection":[{"href":"https:\/\/criid.com.br\/en\/wp-json\/wp\/v2\/product"}],"about":[{"href":"https:\/\/criid.com.br\/en\/wp-json\/wp\/v2\/types\/product"}],"wp:featuredmedia":[{"embeddable":true,"href":"https:\/\/criid.com.br\/en\/wp-json\/wp\/v2\/media\/2543"}],"wp:attachment":[{"href":"https:\/\/criid.com.br\/en\/wp-json\/wp\/v2\/media?parent=2540"}],"wp:term":[{"taxonomy":"product_cat","embeddable":true,"href":"https:\/\/criid.com.br\/en\/wp-json\/wp\/v2\/product_cat?post=2540"},{"taxonomy":"product_tag","embeddable":true,"href":"https:\/\/criid.com.br\/en\/wp-json\/wp\/v2\/product_tag?post=2540"}],"curies":[{"name":"wp","href":"https:\/\/api.w.org\/{rel}","templated":true}]}}