{"id":2558,"date":"2022-07-29T10:12:26","date_gmt":"2022-07-29T13:12:26","guid":{"rendered":"https:\/\/criid.com.br\/?post_type=product&#038;p=2558"},"modified":"2022-07-29T10:12:27","modified_gmt":"2022-07-29T13:12:27","slug":"futurata-capa-linkedin","status":"publish","type":"product","link":"https:\/\/criid.com.br\/en\/product\/futurata-capa-linkedin\/","title":{"rendered":"Futurata Capa Linkedin"},"content":{"rendered":"","protected":false},"excerpt":{"rendered":"<p>Pe\u00e7a digital edit\u00e1vel em alta resolu\u00e7\u00e3o de capa para Linkedin. Inserida dentro da identidade visual Futurata. Download no formato de Ilustrator\/Photoshop ou PowerPoint.<\/p>","protected":false},"featured_media":2561,"template":"","meta":[],"product_cat":[32,27],"product_tag":[118,73,76,69,117,61,57,62,58,116],"class_list":["post-2558","product","type-product","status-publish","has-post-thumbnail","hentry","product_cat-capas","product_cat-digital","product_tag-3d","product_tag-conexao","product_tag-empreendedorismo","product_tag-futuro","product_tag-green","product_tag-innovation","product_tag-inovacao","product_tag-technology","product_tag-tecnologia","product_tag-verde"],"_links":{"self":[{"href":"https:\/\/criid.com.br\/en\/wp-json\/wp\/v2\/product\/2558","targetHints":{"allow":["GET"]}}],"collection":[{"href":"https:\/\/criid.com.br\/en\/wp-json\/wp\/v2\/product"}],"about":[{"href":"https:\/\/criid.com.br\/en\/wp-json\/wp\/v2\/types\/product"}],"wp:featuredmedia":[{"embeddable":true,"href":"https:\/\/criid.com.br\/en\/wp-json\/wp\/v2\/media\/2561"}],"wp:attachment":[{"href":"https:\/\/criid.com.br\/en\/wp-json\/wp\/v2\/media?parent=2558"}],"wp:term":[{"taxonomy":"product_cat","embeddable":true,"href":"https:\/\/criid.com.br\/en\/wp-json\/wp\/v2\/product_cat?post=2558"},{"taxonomy":"product_tag","embeddable":true,"href":"https:\/\/criid.com.br\/en\/wp-json\/wp\/v2\/product_tag?post=2558"}],"curies":[{"name":"wp","href":"https:\/\/api.w.org\/{rel}","templated":true}]}}