{"id":2570,"date":"2022-07-29T10:28:50","date_gmt":"2022-07-29T13:28:50","guid":{"rendered":"https:\/\/criid.com.br\/?post_type=product&#038;p=2570"},"modified":"2022-07-29T10:28:51","modified_gmt":"2022-07-29T13:28:51","slug":"futurata-capa-youtube","status":"publish","type":"product","link":"https:\/\/criid.com.br\/en\/product\/futurata-capa-youtube\/","title":{"rendered":"Futurata Capa YouTube"},"content":{"rendered":"","protected":false},"excerpt":{"rendered":"<p>Pe\u00e7a digital edit\u00e1vel em alta resolu\u00e7\u00e3o para thumbnail do Youtube. Inserida dentro da identidade visual Futurata.<\/p>","protected":false},"featured_media":2573,"template":"","meta":[],"product_cat":[32,27],"product_tag":[118,73,76,69,117,61,57,62,58,116],"class_list":["post-2570","product","type-product","status-publish","has-post-thumbnail","hentry","product_cat-capas","product_cat-digital","product_tag-3d","product_tag-conexao","product_tag-empreendedorismo","product_tag-futuro","product_tag-green","product_tag-innovation","product_tag-inovacao","product_tag-technology","product_tag-tecnologia","product_tag-verde"],"_links":{"self":[{"href":"https:\/\/criid.com.br\/en\/wp-json\/wp\/v2\/product\/2570","targetHints":{"allow":["GET"]}}],"collection":[{"href":"https:\/\/criid.com.br\/en\/wp-json\/wp\/v2\/product"}],"about":[{"href":"https:\/\/criid.com.br\/en\/wp-json\/wp\/v2\/types\/product"}],"wp:featuredmedia":[{"embeddable":true,"href":"https:\/\/criid.com.br\/en\/wp-json\/wp\/v2\/media\/2573"}],"wp:attachment":[{"href":"https:\/\/criid.com.br\/en\/wp-json\/wp\/v2\/media?parent=2570"}],"wp:term":[{"taxonomy":"product_cat","embeddable":true,"href":"https:\/\/criid.com.br\/en\/wp-json\/wp\/v2\/product_cat?post=2570"},{"taxonomy":"product_tag","embeddable":true,"href":"https:\/\/criid.com.br\/en\/wp-json\/wp\/v2\/product_tag?post=2570"}],"curies":[{"name":"wp","href":"https:\/\/api.w.org\/{rel}","templated":true}]}}