{"id":2595,"date":"2022-07-29T11:42:17","date_gmt":"2022-07-29T14:42:17","guid":{"rendered":"https:\/\/criid.com.br\/?post_type=product&#038;p=2595"},"modified":"2022-07-29T11:42:18","modified_gmt":"2022-07-29T14:42:18","slug":"futurata-post-instagram-vertical","status":"publish","type":"product","link":"https:\/\/criid.com.br\/en\/product\/futurata-post-instagram-vertical\/","title":{"rendered":"Futurata Post Instagram Vertical"},"content":{"rendered":"","protected":false},"excerpt":{"rendered":"<div class=\"elementor-element elementor-element-5265d80 elementor-widget elementor-widget-woocommerce-product-short-description\" data-id=\"5265d80\" data-element_type=\"widget\" data-widget_type=\"woocommerce-product-short-description.default\">\n<div class=\"elementor-widget-container\">\n<div class=\"woocommerce-product-details__short-description\">\n<p>Pe\u00e7a digital edit\u00e1vel em alta resolu\u00e7\u00e3o para post do Instagram.<\/p>\n<p>Tamanho 1080 x 1350 pixels.<\/p>\n<p>Download no formato de Ilustrator\/Photoshop ou PowerPoint.<\/p>\n<\/div>\n<\/div>\n<\/div>","protected":false},"featured_media":2598,"template":"","meta":[],"product_cat":[27,31],"product_tag":[118,73,76,69,117,61,57,62,58,116],"class_list":["post-2595","product","type-product","status-publish","has-post-thumbnail","hentry","product_cat-digital","product_cat-posts","product_tag-3d","product_tag-conexao","product_tag-empreendedorismo","product_tag-futuro","product_tag-green","product_tag-innovation","product_tag-inovacao","product_tag-technology","product_tag-tecnologia","product_tag-verde"],"_links":{"self":[{"href":"https:\/\/criid.com.br\/en\/wp-json\/wp\/v2\/product\/2595","targetHints":{"allow":["GET"]}}],"collection":[{"href":"https:\/\/criid.com.br\/en\/wp-json\/wp\/v2\/product"}],"about":[{"href":"https:\/\/criid.com.br\/en\/wp-json\/wp\/v2\/types\/product"}],"wp:featuredmedia":[{"embeddable":true,"href":"https:\/\/criid.com.br\/en\/wp-json\/wp\/v2\/media\/2598"}],"wp:attachment":[{"href":"https:\/\/criid.com.br\/en\/wp-json\/wp\/v2\/media?parent=2595"}],"wp:term":[{"taxonomy":"product_cat","embeddable":true,"href":"https:\/\/criid.com.br\/en\/wp-json\/wp\/v2\/product_cat?post=2595"},{"taxonomy":"product_tag","embeddable":true,"href":"https:\/\/criid.com.br\/en\/wp-json\/wp\/v2\/product_tag?post=2595"}],"curies":[{"name":"wp","href":"https:\/\/api.w.org\/{rel}","templated":true}]}}