{"id":2664,"date":"2022-07-29T15:04:08","date_gmt":"2022-07-29T18:04:08","guid":{"rendered":"https:\/\/criid.com.br\/?post_type=product&#038;p=2664"},"modified":"2022-07-29T15:04:09","modified_gmt":"2022-07-29T18:04:09","slug":"dote-capa-sympla","status":"publish","type":"product","link":"https:\/\/criid.com.br\/en\/product\/dote-capa-sympla\/","title":{"rendered":"Dote Capa Sympla"},"content":{"rendered":"","protected":false},"excerpt":{"rendered":"<p>Esta \u00e9 uma arte edit\u00e1vel para divulga\u00e7\u00e3o do seu projeto ou evento no Sympla (www.sympla.com.br). Voc\u00ea far\u00e1 o download no formato de Ilustrator\/Photoshop ou Power point.<\/p>","protected":false},"featured_media":2673,"template":"","meta":[],"product_cat":[36,37],"product_tag":[91,123,121,124,126,76,119,63,120,61,57,122,71,58,125],"class_list":["post-2664","product","type-product","status-publish","has-post-thumbnail","hentry","product_cat-eventos","product_cat-sympla","product_tag-apresentacao","product_tag-cidade","product_tag-cinza","product_tag-city","product_tag-desenvolvimento","product_tag-empreendedorismo","product_tag-goverment","product_tag-governo","product_tag-grey","product_tag-innovation","product_tag-inovacao","product_tag-meet","product_tag-reuniao","product_tag-tecnologia","product_tag-urban"],"_links":{"self":[{"href":"https:\/\/criid.com.br\/en\/wp-json\/wp\/v2\/product\/2664","targetHints":{"allow":["GET"]}}],"collection":[{"href":"https:\/\/criid.com.br\/en\/wp-json\/wp\/v2\/product"}],"about":[{"href":"https:\/\/criid.com.br\/en\/wp-json\/wp\/v2\/types\/product"}],"wp:featuredmedia":[{"embeddable":true,"href":"https:\/\/criid.com.br\/en\/wp-json\/wp\/v2\/media\/2673"}],"wp:attachment":[{"href":"https:\/\/criid.com.br\/en\/wp-json\/wp\/v2\/media?parent=2664"}],"wp:term":[{"taxonomy":"product_cat","embeddable":true,"href":"https:\/\/criid.com.br\/en\/wp-json\/wp\/v2\/product_cat?post=2664"},{"taxonomy":"product_tag","embeddable":true,"href":"https:\/\/criid.com.br\/en\/wp-json\/wp\/v2\/product_tag?post=2664"}],"curies":[{"name":"wp","href":"https:\/\/api.w.org\/{rel}","templated":true}]}}