{"id":2676,"date":"2022-07-29T15:18:35","date_gmt":"2022-07-29T18:18:35","guid":{"rendered":"https:\/\/criid.com.br\/?post_type=product&#038;p=2676"},"modified":"2022-07-29T15:18:36","modified_gmt":"2022-07-29T18:18:36","slug":"dote-certificado","status":"publish","type":"product","link":"https:\/\/criid.com.br\/en\/product\/dote-certificado\/","title":{"rendered":"Dote Certificado"},"content":{"rendered":"","protected":false},"excerpt":{"rendered":"<p>Pe\u00e7a edit\u00e1vel de certificado digital, que voc\u00ea pode enviar para todos os participantes do seu evento. Voc\u00ea far\u00e1 o download no formato de Ilustrator\/Photoshop ou Power Point.<\/p>","protected":false},"featured_media":2680,"template":"","meta":[],"product_cat":[38,36],"product_tag":[91,123,121,124,126,76,119,63,120,61,57,122,71,58,125],"class_list":["post-2676","product","type-product","status-publish","has-post-thumbnail","hentry","product_cat-certificados","product_cat-eventos","product_tag-apresentacao","product_tag-cidade","product_tag-cinza","product_tag-city","product_tag-desenvolvimento","product_tag-empreendedorismo","product_tag-goverment","product_tag-governo","product_tag-grey","product_tag-innovation","product_tag-inovacao","product_tag-meet","product_tag-reuniao","product_tag-tecnologia","product_tag-urban"],"_links":{"self":[{"href":"https:\/\/criid.com.br\/en\/wp-json\/wp\/v2\/product\/2676","targetHints":{"allow":["GET"]}}],"collection":[{"href":"https:\/\/criid.com.br\/en\/wp-json\/wp\/v2\/product"}],"about":[{"href":"https:\/\/criid.com.br\/en\/wp-json\/wp\/v2\/types\/product"}],"wp:featuredmedia":[{"embeddable":true,"href":"https:\/\/criid.com.br\/en\/wp-json\/wp\/v2\/media\/2680"}],"wp:attachment":[{"href":"https:\/\/criid.com.br\/en\/wp-json\/wp\/v2\/media?parent=2676"}],"wp:term":[{"taxonomy":"product_cat","embeddable":true,"href":"https:\/\/criid.com.br\/en\/wp-json\/wp\/v2\/product_cat?post=2676"},{"taxonomy":"product_tag","embeddable":true,"href":"https:\/\/criid.com.br\/en\/wp-json\/wp\/v2\/product_tag?post=2676"}],"curies":[{"name":"wp","href":"https:\/\/api.w.org\/{rel}","templated":true}]}}