{"id":2854,"date":"2022-08-03T17:33:37","date_gmt":"2022-08-03T20:33:37","guid":{"rendered":"https:\/\/criid.com.br\/?post_type=product&#038;p=2854"},"modified":"2022-08-03T17:33:38","modified_gmt":"2022-08-03T20:33:38","slug":"coroa-capa-sympla","status":"publish","type":"product","link":"https:\/\/criid.com.br\/en\/product\/coroa-capa-sympla\/","title":{"rendered":"Coroa Capa Sympla"},"content":{"rendered":"","protected":false},"excerpt":{"rendered":"<p>Esta \u00e9 uma arte edit\u00e1vel para divulga\u00e7\u00e3o do seu projeto ou evento no Sympla (www.sympla.com.br).<\/p>\n<p>Voc\u00ea far\u00e1 o download no formato de Ilustrator\/Photoshop ou Power point.<\/p>","protected":false},"featured_media":2857,"template":"","meta":[],"product_cat":[36,37],"product_tag":[142,131,135,141,130,129,63,144,143,132,133,136,137,67,71,134,138,139,140],"class_list":["post-2854","product","type-product","status-publish","has-post-thumbnail","hentry","product_cat-eventos","product_cat-sympla","product_tag-amarelo","product_tag-comprometimento","product_tag-coroa","product_tag-dourado","product_tag-empreendedores","product_tag-estrada-real","product_tag-governo","product_tag-historico","product_tag-minas-gerais","product_tag-modernidade","product_tag-natureza-e-turismo","product_tag-realeza","product_tag-rei","product_tag-retro","product_tag-reuniao","product_tag-riqueza","product_tag-seguranca","product_tag-seriedade","product_tag-serio"],"_links":{"self":[{"href":"https:\/\/criid.com.br\/en\/wp-json\/wp\/v2\/product\/2854","targetHints":{"allow":["GET"]}}],"collection":[{"href":"https:\/\/criid.com.br\/en\/wp-json\/wp\/v2\/product"}],"about":[{"href":"https:\/\/criid.com.br\/en\/wp-json\/wp\/v2\/types\/product"}],"wp:featuredmedia":[{"embeddable":true,"href":"https:\/\/criid.com.br\/en\/wp-json\/wp\/v2\/media\/2857"}],"wp:attachment":[{"href":"https:\/\/criid.com.br\/en\/wp-json\/wp\/v2\/media?parent=2854"}],"wp:term":[{"taxonomy":"product_cat","embeddable":true,"href":"https:\/\/criid.com.br\/en\/wp-json\/wp\/v2\/product_cat?post=2854"},{"taxonomy":"product_tag","embeddable":true,"href":"https:\/\/criid.com.br\/en\/wp-json\/wp\/v2\/product_tag?post=2854"}],"curies":[{"name":"wp","href":"https:\/\/api.w.org\/{rel}","templated":true}]}}