{"id":2860,"date":"2022-08-03T17:43:57","date_gmt":"2022-08-03T20:43:57","guid":{"rendered":"https:\/\/criid.com.br\/?post_type=product&#038;p=2860"},"modified":"2022-08-05T11:47:10","modified_gmt":"2022-08-05T14:47:10","slug":"coroa-certificado","status":"publish","type":"product","link":"https:\/\/criid.com.br\/en\/product\/coroa-certificado\/","title":{"rendered":"Coroa Certificado"},"content":{"rendered":"","protected":false},"excerpt":{"rendered":"<p>Pe\u00e7a edit\u00e1vel de certificado digital, que voc\u00ea pode enviar para todos os participantes do seu evento.<\/p>\n<p>Voc\u00ea far\u00e1 o download no formato de Ilustrator\/Photoshop ou Power Point.<\/p>","protected":false},"featured_media":2863,"template":"","meta":[],"product_cat":[38,36],"product_tag":[142,131,135,141,130,129,63,144,143,132,133,136,137,67,71,134,138,139,140],"class_list":["post-2860","product","type-product","status-publish","has-post-thumbnail","hentry","product_cat-certificados","product_cat-eventos","product_tag-amarelo","product_tag-comprometimento","product_tag-coroa","product_tag-dourado","product_tag-empreendedores","product_tag-estrada-real","product_tag-governo","product_tag-historico","product_tag-minas-gerais","product_tag-modernidade","product_tag-natureza-e-turismo","product_tag-realeza","product_tag-rei","product_tag-retro","product_tag-reuniao","product_tag-riqueza","product_tag-seguranca","product_tag-seriedade","product_tag-serio"],"_links":{"self":[{"href":"https:\/\/criid.com.br\/en\/wp-json\/wp\/v2\/product\/2860","targetHints":{"allow":["GET"]}}],"collection":[{"href":"https:\/\/criid.com.br\/en\/wp-json\/wp\/v2\/product"}],"about":[{"href":"https:\/\/criid.com.br\/en\/wp-json\/wp\/v2\/types\/product"}],"wp:featuredmedia":[{"embeddable":true,"href":"https:\/\/criid.com.br\/en\/wp-json\/wp\/v2\/media\/2863"}],"wp:attachment":[{"href":"https:\/\/criid.com.br\/en\/wp-json\/wp\/v2\/media?parent=2860"}],"wp:term":[{"taxonomy":"product_cat","embeddable":true,"href":"https:\/\/criid.com.br\/en\/wp-json\/wp\/v2\/product_cat?post=2860"},{"taxonomy":"product_tag","embeddable":true,"href":"https:\/\/criid.com.br\/en\/wp-json\/wp\/v2\/product_tag?post=2860"}],"curies":[{"name":"wp","href":"https:\/\/api.w.org\/{rel}","templated":true}]}}