{"id":2875,"date":"2022-08-05T12:26:22","date_gmt":"2022-08-05T15:26:22","guid":{"rendered":"https:\/\/criid.com.br\/?post_type=product&#038;p=2875"},"modified":"2022-08-05T12:26:23","modified_gmt":"2022-08-05T15:26:23","slug":"coroa-capa-facebook-eventos","status":"publish","type":"product","link":"https:\/\/criid.com.br\/en\/product\/coroa-capa-facebook-eventos\/","title":{"rendered":"Coroa Capa Facebook Eventos"},"content":{"rendered":"","protected":false},"excerpt":{"rendered":"<p>Cria\u00e7\u00e3o digital, edit\u00e1vel e em alta resolu\u00e7\u00e3o para capa de Eventos do Facebook.<\/p>\n<p>Voc\u00ea ir\u00e1 fazer o download em Ilustrator\/Photoshop ou PowerPoint.<\/p>","protected":false},"featured_media":2878,"template":"","meta":[],"product_cat":[32,27],"product_tag":[142,131,135,141,130,129,63,144,143,132,133,136,137,67,71,134,138,139,140],"class_list":["post-2875","product","type-product","status-publish","has-post-thumbnail","hentry","product_cat-capas","product_cat-digital","product_tag-amarelo","product_tag-comprometimento","product_tag-coroa","product_tag-dourado","product_tag-empreendedores","product_tag-estrada-real","product_tag-governo","product_tag-historico","product_tag-minas-gerais","product_tag-modernidade","product_tag-natureza-e-turismo","product_tag-realeza","product_tag-rei","product_tag-retro","product_tag-reuniao","product_tag-riqueza","product_tag-seguranca","product_tag-seriedade","product_tag-serio"],"_links":{"self":[{"href":"https:\/\/criid.com.br\/en\/wp-json\/wp\/v2\/product\/2875","targetHints":{"allow":["GET"]}}],"collection":[{"href":"https:\/\/criid.com.br\/en\/wp-json\/wp\/v2\/product"}],"about":[{"href":"https:\/\/criid.com.br\/en\/wp-json\/wp\/v2\/types\/product"}],"wp:featuredmedia":[{"embeddable":true,"href":"https:\/\/criid.com.br\/en\/wp-json\/wp\/v2\/media\/2878"}],"wp:attachment":[{"href":"https:\/\/criid.com.br\/en\/wp-json\/wp\/v2\/media?parent=2875"}],"wp:term":[{"taxonomy":"product_cat","embeddable":true,"href":"https:\/\/criid.com.br\/en\/wp-json\/wp\/v2\/product_cat?post=2875"},{"taxonomy":"product_tag","embeddable":true,"href":"https:\/\/criid.com.br\/en\/wp-json\/wp\/v2\/product_tag?post=2875"}],"curies":[{"name":"wp","href":"https:\/\/api.w.org\/{rel}","templated":true}]}}