{"id":2893,"date":"2022-08-05T12:48:32","date_gmt":"2022-08-05T15:48:32","guid":{"rendered":"https:\/\/criid.com.br\/?post_type=product&#038;p=2893"},"modified":"2022-08-05T12:48:33","modified_gmt":"2022-08-05T15:48:33","slug":"coroa-capa-twitter","status":"publish","type":"product","link":"https:\/\/criid.com.br\/en\/product\/coroa-capa-twitter\/","title":{"rendered":"Coroa Capa Twitter"},"content":{"rendered":"","protected":false},"excerpt":{"rendered":"<p>Pe\u00e7a digital edit\u00e1vel em alta resolu\u00e7\u00e3o de capa para Twitter. Inserida dentro da identidade visual Coroa. Download no formato de Ilustrator\/Photoshop ou PowerPoint.<\/p>","protected":false},"featured_media":2896,"template":"","meta":[],"product_cat":[32,27],"product_tag":[142,131,135,141,130,129,63,144,143,132,133,136,137,67,71,134,138,139,140],"class_list":["post-2893","product","type-product","status-publish","has-post-thumbnail","hentry","product_cat-capas","product_cat-digital","product_tag-amarelo","product_tag-comprometimento","product_tag-coroa","product_tag-dourado","product_tag-empreendedores","product_tag-estrada-real","product_tag-governo","product_tag-historico","product_tag-minas-gerais","product_tag-modernidade","product_tag-natureza-e-turismo","product_tag-realeza","product_tag-rei","product_tag-retro","product_tag-reuniao","product_tag-riqueza","product_tag-seguranca","product_tag-seriedade","product_tag-serio"],"_links":{"self":[{"href":"https:\/\/criid.com.br\/en\/wp-json\/wp\/v2\/product\/2893","targetHints":{"allow":["GET"]}}],"collection":[{"href":"https:\/\/criid.com.br\/en\/wp-json\/wp\/v2\/product"}],"about":[{"href":"https:\/\/criid.com.br\/en\/wp-json\/wp\/v2\/types\/product"}],"wp:featuredmedia":[{"embeddable":true,"href":"https:\/\/criid.com.br\/en\/wp-json\/wp\/v2\/media\/2896"}],"wp:attachment":[{"href":"https:\/\/criid.com.br\/en\/wp-json\/wp\/v2\/media?parent=2893"}],"wp:term":[{"taxonomy":"product_cat","embeddable":true,"href":"https:\/\/criid.com.br\/en\/wp-json\/wp\/v2\/product_cat?post=2893"},{"taxonomy":"product_tag","embeddable":true,"href":"https:\/\/criid.com.br\/en\/wp-json\/wp\/v2\/product_tag?post=2893"}],"curies":[{"name":"wp","href":"https:\/\/api.w.org\/{rel}","templated":true}]}}