{"id":2935,"date":"2022-08-05T17:06:48","date_gmt":"2022-08-05T20:06:48","guid":{"rendered":"https:\/\/criid.com.br\/?post_type=product&#038;p=2935"},"modified":"2022-08-05T17:06:49","modified_gmt":"2022-08-05T20:06:49","slug":"coroa-post-twitter","status":"publish","type":"product","link":"https:\/\/criid.com.br\/en\/product\/coroa-post-twitter\/","title":{"rendered":"Coroa Post Twitter"},"content":{"rendered":"","protected":false},"excerpt":{"rendered":"<div class=\"elementor-element elementor-element-5265d80 elementor-widget elementor-widget-woocommerce-product-short-description\" data-id=\"5265d80\" data-element_type=\"widget\" data-widget_type=\"woocommerce-product-short-description.default\">\n<div class=\"elementor-widget-container\">\n<div class=\"woocommerce-product-details__short-description\">\n<div class=\"elementor-element elementor-element-5265d80 elementor-widget elementor-widget-woocommerce-product-short-description\" data-id=\"5265d80\" data-element_type=\"widget\" data-widget_type=\"woocommerce-product-short-description.default\">\n<div class=\"elementor-widget-container\">\n<div class=\"woocommerce-product-details__short-description\">\n<div class=\"elementor-element elementor-element-5265d80 elementor-widget elementor-widget-woocommerce-product-short-description\" data-id=\"5265d80\" data-element_type=\"widget\" data-widget_type=\"woocommerce-product-short-description.default\">\n<div class=\"elementor-widget-container\">\n<div class=\"woocommerce-product-details__short-description\">\n<p>Pe\u00e7a digital edit\u00e1vel em alta resolu\u00e7\u00e3o para post do Twitter.<\/p>\n<p>Tamanho 800 x 418 pixels.<\/p>\n<p>Download no formato de Ilustrator\/Photoshop ou PowerPoint.<\/p>\n<\/div>\n<\/div>\n<\/div>\n<\/div>\n<\/div>\n<\/div>\n<\/div>\n<\/div>\n<\/div>","protected":false},"featured_media":2938,"template":"","meta":[],"product_cat":[27,31],"product_tag":[142,131,135,141,130,129,63,144,143,132,133,136,137,67,71,134,138,139,140],"class_list":["post-2935","product","type-product","status-publish","has-post-thumbnail","hentry","product_cat-digital","product_cat-posts","product_tag-amarelo","product_tag-comprometimento","product_tag-coroa","product_tag-dourado","product_tag-empreendedores","product_tag-estrada-real","product_tag-governo","product_tag-historico","product_tag-minas-gerais","product_tag-modernidade","product_tag-natureza-e-turismo","product_tag-realeza","product_tag-rei","product_tag-retro","product_tag-reuniao","product_tag-riqueza","product_tag-seguranca","product_tag-seriedade","product_tag-serio"],"_links":{"self":[{"href":"https:\/\/criid.com.br\/en\/wp-json\/wp\/v2\/product\/2935","targetHints":{"allow":["GET"]}}],"collection":[{"href":"https:\/\/criid.com.br\/en\/wp-json\/wp\/v2\/product"}],"about":[{"href":"https:\/\/criid.com.br\/en\/wp-json\/wp\/v2\/types\/product"}],"wp:featuredmedia":[{"embeddable":true,"href":"https:\/\/criid.com.br\/en\/wp-json\/wp\/v2\/media\/2938"}],"wp:attachment":[{"href":"https:\/\/criid.com.br\/en\/wp-json\/wp\/v2\/media?parent=2935"}],"wp:term":[{"taxonomy":"product_cat","embeddable":true,"href":"https:\/\/criid.com.br\/en\/wp-json\/wp\/v2\/product_cat?post=2935"},{"taxonomy":"product_tag","embeddable":true,"href":"https:\/\/criid.com.br\/en\/wp-json\/wp\/v2\/product_tag?post=2935"}],"curies":[{"name":"wp","href":"https:\/\/api.w.org\/{rel}","templated":true}]}}