{"id":2941,"date":"2022-08-05T17:17:23","date_gmt":"2022-08-05T20:17:23","guid":{"rendered":"https:\/\/criid.com.br\/?post_type=product&#038;p=2941"},"modified":"2022-08-05T17:17:23","modified_gmt":"2022-08-05T20:17:23","slug":"coroa-stories","status":"publish","type":"product","link":"https:\/\/criid.com.br\/en\/product\/coroa-stories\/","title":{"rendered":"Coroa Stories"},"content":{"rendered":"","protected":false},"excerpt":{"rendered":"<div class=\"elementor-element elementor-element-5265d80 elementor-widget elementor-widget-woocommerce-product-short-description\" data-id=\"5265d80\" data-element_type=\"widget\" data-widget_type=\"woocommerce-product-short-description.default\">\n<div class=\"elementor-widget-container\">\n<div class=\"woocommerce-product-details__short-description\">\n<p>Stories para Facebook e Instagram.<\/p>\n<p>Tamanho 1080\u00d71920 pixels.<\/p>\n<p>Esta cria\u00e7\u00e3o est\u00e1 inserida dentro da identidade visual Coroa.<\/p>\n<\/div>\n<\/div>\n<\/div>","protected":false},"featured_media":2944,"template":"","meta":[],"product_cat":[27,33],"product_tag":[142,131,135,141,130,129,63,144,143,132,133,136,137,67,71,134,138,139,140],"class_list":["post-2941","product","type-product","status-publish","has-post-thumbnail","hentry","product_cat-digital","product_cat-stories","product_tag-amarelo","product_tag-comprometimento","product_tag-coroa","product_tag-dourado","product_tag-empreendedores","product_tag-estrada-real","product_tag-governo","product_tag-historico","product_tag-minas-gerais","product_tag-modernidade","product_tag-natureza-e-turismo","product_tag-realeza","product_tag-rei","product_tag-retro","product_tag-reuniao","product_tag-riqueza","product_tag-seguranca","product_tag-seriedade","product_tag-serio"],"_links":{"self":[{"href":"https:\/\/criid.com.br\/en\/wp-json\/wp\/v2\/product\/2941","targetHints":{"allow":["GET"]}}],"collection":[{"href":"https:\/\/criid.com.br\/en\/wp-json\/wp\/v2\/product"}],"about":[{"href":"https:\/\/criid.com.br\/en\/wp-json\/wp\/v2\/types\/product"}],"wp:featuredmedia":[{"embeddable":true,"href":"https:\/\/criid.com.br\/en\/wp-json\/wp\/v2\/media\/2944"}],"wp:attachment":[{"href":"https:\/\/criid.com.br\/en\/wp-json\/wp\/v2\/media?parent=2941"}],"wp:term":[{"taxonomy":"product_cat","embeddable":true,"href":"https:\/\/criid.com.br\/en\/wp-json\/wp\/v2\/product_cat?post=2941"},{"taxonomy":"product_tag","embeddable":true,"href":"https:\/\/criid.com.br\/en\/wp-json\/wp\/v2\/product_tag?post=2941"}],"curies":[{"name":"wp","href":"https:\/\/api.w.org\/{rel}","templated":true}]}}