{"id":3124,"date":"2022-08-09T15:19:05","date_gmt":"2022-08-09T18:19:05","guid":{"rendered":"https:\/\/criid.com.br\/?post_type=product&#038;p=3124"},"modified":"2022-08-24T15:05:58","modified_gmt":"2022-08-24T18:05:58","slug":"trade-certificado","status":"publish","type":"product","link":"https:\/\/criid.com.br\/en\/product\/trade-certificado\/","title":{"rendered":"Trade Certificado"},"content":{"rendered":"","protected":false},"excerpt":{"rendered":"<p>Pe\u00e7a edit\u00e1vel de certificado digital, que voc\u00ea pode enviar para todos os participantes do seu evento. Voc\u00ea far\u00e1 o download no formato de Ilustrator\/Photoshop ou Power Point.<\/p>","protected":false},"featured_media":3127,"template":"","meta":[],"product_cat":[38,36],"product_tag":[162,171,164,163,167,126,172,160,159,168,57,166,165,114,161,134,170,62,58,169],"class_list":["post-3124","product","type-product","status-publish","has-post-thumbnail","hentry","product_cat-certificados","product_cat-eventos","product_tag-acoes","product_tag-arrancada","product_tag-bear-market","product_tag-bull-market","product_tag-crescimento","product_tag-desenvolvimento","product_tag-development","product_tag-dinheiro","product_tag-financas","product_tag-fortuna","product_tag-inovacao","product_tag-investimento","product_tag-investing","product_tag-market","product_tag-money","product_tag-riqueza","product_tag-subida","product_tag-technology","product_tag-tecnologia","product_tag-topo"],"_links":{"self":[{"href":"https:\/\/criid.com.br\/en\/wp-json\/wp\/v2\/product\/3124","targetHints":{"allow":["GET"]}}],"collection":[{"href":"https:\/\/criid.com.br\/en\/wp-json\/wp\/v2\/product"}],"about":[{"href":"https:\/\/criid.com.br\/en\/wp-json\/wp\/v2\/types\/product"}],"wp:featuredmedia":[{"embeddable":true,"href":"https:\/\/criid.com.br\/en\/wp-json\/wp\/v2\/media\/3127"}],"wp:attachment":[{"href":"https:\/\/criid.com.br\/en\/wp-json\/wp\/v2\/media?parent=3124"}],"wp:term":[{"taxonomy":"product_cat","embeddable":true,"href":"https:\/\/criid.com.br\/en\/wp-json\/wp\/v2\/product_cat?post=3124"},{"taxonomy":"product_tag","embeddable":true,"href":"https:\/\/criid.com.br\/en\/wp-json\/wp\/v2\/product_tag?post=3124"}],"curies":[{"name":"wp","href":"https:\/\/api.w.org\/{rel}","templated":true}]}}