{"id":3154,"date":"2022-08-09T16:16:40","date_gmt":"2022-08-09T19:16:40","guid":{"rendered":"https:\/\/criid.com.br\/?post_type=product&#038;p=3154"},"modified":"2022-08-09T16:16:41","modified_gmt":"2022-08-09T19:16:41","slug":"trade-capa-twitter","status":"publish","type":"product","link":"https:\/\/criid.com.br\/en\/product\/trade-capa-twitter\/","title":{"rendered":"Trade Capa Twitter"},"content":{"rendered":"","protected":false},"excerpt":{"rendered":"<p>Pe\u00e7a digital edit\u00e1vel em alta resolu\u00e7\u00e3o de capa para Twitter. Inserida dentro da identidade visual Trade.<\/p>\n<p>Download no formato de Ilustrator\/Photoshop ou PowerPoint.<\/p>","protected":false},"featured_media":3157,"template":"","meta":[],"product_cat":[32,27],"product_tag":[162,171,164,163,167,126,172,160,159,168,57,166,165,114,161,134,170,62,58,169],"class_list":["post-3154","product","type-product","status-publish","has-post-thumbnail","hentry","product_cat-capas","product_cat-digital","product_tag-acoes","product_tag-arrancada","product_tag-bear-market","product_tag-bull-market","product_tag-crescimento","product_tag-desenvolvimento","product_tag-development","product_tag-dinheiro","product_tag-financas","product_tag-fortuna","product_tag-inovacao","product_tag-investimento","product_tag-investing","product_tag-market","product_tag-money","product_tag-riqueza","product_tag-subida","product_tag-technology","product_tag-tecnologia","product_tag-topo"],"_links":{"self":[{"href":"https:\/\/criid.com.br\/en\/wp-json\/wp\/v2\/product\/3154","targetHints":{"allow":["GET"]}}],"collection":[{"href":"https:\/\/criid.com.br\/en\/wp-json\/wp\/v2\/product"}],"about":[{"href":"https:\/\/criid.com.br\/en\/wp-json\/wp\/v2\/types\/product"}],"wp:featuredmedia":[{"embeddable":true,"href":"https:\/\/criid.com.br\/en\/wp-json\/wp\/v2\/media\/3157"}],"wp:attachment":[{"href":"https:\/\/criid.com.br\/en\/wp-json\/wp\/v2\/media?parent=3154"}],"wp:term":[{"taxonomy":"product_cat","embeddable":true,"href":"https:\/\/criid.com.br\/en\/wp-json\/wp\/v2\/product_cat?post=3154"},{"taxonomy":"product_tag","embeddable":true,"href":"https:\/\/criid.com.br\/en\/wp-json\/wp\/v2\/product_tag?post=3154"}],"curies":[{"name":"wp","href":"https:\/\/api.w.org\/{rel}","templated":true}]}}