{"id":3181,"date":"2022-08-09T17:22:32","date_gmt":"2022-08-09T20:22:32","guid":{"rendered":"https:\/\/criid.com.br\/?post_type=product&#038;p=3181"},"modified":"2022-08-09T17:22:33","modified_gmt":"2022-08-09T20:22:33","slug":"trade-post-instagram","status":"publish","type":"product","link":"https:\/\/criid.com.br\/en\/product\/trade-post-instagram\/","title":{"rendered":"Trade Post Instagram"},"content":{"rendered":"","protected":false},"excerpt":{"rendered":"<div class=\"elementor-element elementor-element-5265d80 elementor-widget elementor-widget-woocommerce-product-short-description\" data-id=\"5265d80\" data-element_type=\"widget\" data-widget_type=\"woocommerce-product-short-description.default\">\n<div class=\"elementor-widget-container\">\n<div class=\"woocommerce-product-details__short-description\">\n<div class=\"elementor-element elementor-element-5265d80 elementor-widget elementor-widget-woocommerce-product-short-description\" data-id=\"5265d80\" data-element_type=\"widget\" data-widget_type=\"woocommerce-product-short-description.default\">\n<div class=\"elementor-widget-container\">\n<div class=\"woocommerce-product-details__short-description\">\n<div class=\"elementor-element elementor-element-5265d80 elementor-widget elementor-widget-woocommerce-product-short-description\" data-id=\"5265d80\" data-element_type=\"widget\" data-widget_type=\"woocommerce-product-short-description.default\">\n<div class=\"elementor-widget-container\">\n<div class=\"woocommerce-product-details__short-description\">\n<p>Pe\u00e7a digital edit\u00e1vel em alta resolu\u00e7\u00e3o para post do Instagram.<\/p>\n<p>Download no formato de Ilustrator\/Photoshop ou PowerPoint.<\/p>\n<\/div>\n<\/div>\n<\/div>\n<\/div>\n<\/div>\n<\/div>\n<\/div>\n<\/div>\n<\/div>","protected":false},"featured_media":3184,"template":"","meta":[],"product_cat":[27,31],"product_tag":[162,171,164,163,167,126,172,160,159,168,57,166,165,114,161,134,170,62,58,169],"class_list":["post-3181","product","type-product","status-publish","has-post-thumbnail","hentry","product_cat-digital","product_cat-posts","product_tag-acoes","product_tag-arrancada","product_tag-bear-market","product_tag-bull-market","product_tag-crescimento","product_tag-desenvolvimento","product_tag-development","product_tag-dinheiro","product_tag-financas","product_tag-fortuna","product_tag-inovacao","product_tag-investimento","product_tag-investing","product_tag-market","product_tag-money","product_tag-riqueza","product_tag-subida","product_tag-technology","product_tag-tecnologia","product_tag-topo"],"_links":{"self":[{"href":"https:\/\/criid.com.br\/en\/wp-json\/wp\/v2\/product\/3181","targetHints":{"allow":["GET"]}}],"collection":[{"href":"https:\/\/criid.com.br\/en\/wp-json\/wp\/v2\/product"}],"about":[{"href":"https:\/\/criid.com.br\/en\/wp-json\/wp\/v2\/types\/product"}],"wp:featuredmedia":[{"embeddable":true,"href":"https:\/\/criid.com.br\/en\/wp-json\/wp\/v2\/media\/3184"}],"wp:attachment":[{"href":"https:\/\/criid.com.br\/en\/wp-json\/wp\/v2\/media?parent=3181"}],"wp:term":[{"taxonomy":"product_cat","embeddable":true,"href":"https:\/\/criid.com.br\/en\/wp-json\/wp\/v2\/product_cat?post=3181"},{"taxonomy":"product_tag","embeddable":true,"href":"https:\/\/criid.com.br\/en\/wp-json\/wp\/v2\/product_tag?post=3181"}],"curies":[{"name":"wp","href":"https:\/\/api.w.org\/{rel}","templated":true}]}}