{"id":3187,"date":"2022-08-09T17:27:15","date_gmt":"2022-08-09T20:27:15","guid":{"rendered":"https:\/\/criid.com.br\/?post_type=product&#038;p=3187"},"modified":"2022-08-09T17:27:16","modified_gmt":"2022-08-09T20:27:16","slug":"trade-post-instagram-vertical","status":"publish","type":"product","link":"https:\/\/criid.com.br\/en\/product\/trade-post-instagram-vertical\/","title":{"rendered":"Trade Post Instagram Vertical"},"content":{"rendered":"","protected":false},"excerpt":{"rendered":"<div class=\"elementor-element elementor-element-5265d80 elementor-widget elementor-widget-woocommerce-product-short-description\" data-id=\"5265d80\" data-element_type=\"widget\" data-widget_type=\"woocommerce-product-short-description.default\">\n<div class=\"elementor-widget-container\">\n<div class=\"woocommerce-product-details__short-description\">\n<div class=\"elementor-element elementor-element-5265d80 elementor-widget elementor-widget-woocommerce-product-short-description\" data-id=\"5265d80\" data-element_type=\"widget\" data-widget_type=\"woocommerce-product-short-description.default\">\n<div class=\"elementor-widget-container\">\n<div class=\"woocommerce-product-details__short-description\">\n<div class=\"elementor-element elementor-element-5265d80 elementor-widget elementor-widget-woocommerce-product-short-description\" data-id=\"5265d80\" data-element_type=\"widget\" data-widget_type=\"woocommerce-product-short-description.default\">\n<div class=\"elementor-widget-container\">\n<div class=\"woocommerce-product-details__short-description\">\n<p>Pe\u00e7a digital edit\u00e1vel em alta resolu\u00e7\u00e3o para post do Instagram.<\/p>\n<p>Tamanho 1080 x 1350 pixels.<\/p>\n<p>Download no formato de Ilustrator\/Photoshop ou PowerPoint.<\/p>\n<\/div>\n<\/div>\n<\/div>\n<\/div>\n<\/div>\n<\/div>\n<\/div>\n<\/div>\n<\/div>","protected":false},"featured_media":3190,"template":"","meta":[],"product_cat":[27,31],"product_tag":[162,171,164,163,167,126,172,160,159,168,57,166,165,114,161,134,170,62,58,169],"class_list":["post-3187","product","type-product","status-publish","has-post-thumbnail","hentry","product_cat-digital","product_cat-posts","product_tag-acoes","product_tag-arrancada","product_tag-bear-market","product_tag-bull-market","product_tag-crescimento","product_tag-desenvolvimento","product_tag-development","product_tag-dinheiro","product_tag-financas","product_tag-fortuna","product_tag-inovacao","product_tag-investimento","product_tag-investing","product_tag-market","product_tag-money","product_tag-riqueza","product_tag-subida","product_tag-technology","product_tag-tecnologia","product_tag-topo"],"_links":{"self":[{"href":"https:\/\/criid.com.br\/en\/wp-json\/wp\/v2\/product\/3187","targetHints":{"allow":["GET"]}}],"collection":[{"href":"https:\/\/criid.com.br\/en\/wp-json\/wp\/v2\/product"}],"about":[{"href":"https:\/\/criid.com.br\/en\/wp-json\/wp\/v2\/types\/product"}],"wp:featuredmedia":[{"embeddable":true,"href":"https:\/\/criid.com.br\/en\/wp-json\/wp\/v2\/media\/3190"}],"wp:attachment":[{"href":"https:\/\/criid.com.br\/en\/wp-json\/wp\/v2\/media?parent=3187"}],"wp:term":[{"taxonomy":"product_cat","embeddable":true,"href":"https:\/\/criid.com.br\/en\/wp-json\/wp\/v2\/product_cat?post=3187"},{"taxonomy":"product_tag","embeddable":true,"href":"https:\/\/criid.com.br\/en\/wp-json\/wp\/v2\/product_tag?post=3187"}],"curies":[{"name":"wp","href":"https:\/\/api.w.org\/{rel}","templated":true}]}}