{"id":3243,"date":"2022-08-12T17:06:03","date_gmt":"2022-08-12T20:06:03","guid":{"rendered":"https:\/\/criid.com.br\/?post_type=product&#038;p=3243"},"modified":"2022-08-20T21:24:16","modified_gmt":"2022-08-21T00:24:16","slug":"trade-apresentacao-mobile","status":"publish","type":"product","link":"https:\/\/criid.com.br\/en\/product\/trade-apresentacao-mobile\/","title":{"rendered":"Trade Apresenta\u00e7\u00e3o Mobile"},"content":{"rendered":"","protected":false},"excerpt":{"rendered":"<p>Trade \u00e9 uma identidade visual voltada para os neg\u00f3cios, \u00e9 moderna e inspirada nas criptomoedas, em especial o Bitcoin. Traz o universo das negocia\u00e7\u00f5es financeiras atrav\u00e9s das plataformas digitais com backgrounds inovadores, imagens tecnol\u00f3gicas e elementos gr\u00e1ficos que remetem \u00e0s negocia\u00e7\u00f5es.<\/p>","protected":false},"featured_media":3246,"template":"","meta":[],"product_cat":[30],"product_tag":[162,171,164,163,167,126,172,160,159,168,57,166,165,114,161,134,170,62,58,169],"class_list":["post-3243","product","type-product","status-publish","has-post-thumbnail","hentry","product_cat-apresentacoes","product_tag-acoes","product_tag-arrancada","product_tag-bear-market","product_tag-bull-market","product_tag-crescimento","product_tag-desenvolvimento","product_tag-development","product_tag-dinheiro","product_tag-financas","product_tag-fortuna","product_tag-inovacao","product_tag-investimento","product_tag-investing","product_tag-market","product_tag-money","product_tag-riqueza","product_tag-subida","product_tag-technology","product_tag-tecnologia","product_tag-topo"],"_links":{"self":[{"href":"https:\/\/criid.com.br\/en\/wp-json\/wp\/v2\/product\/3243","targetHints":{"allow":["GET"]}}],"collection":[{"href":"https:\/\/criid.com.br\/en\/wp-json\/wp\/v2\/product"}],"about":[{"href":"https:\/\/criid.com.br\/en\/wp-json\/wp\/v2\/types\/product"}],"wp:featuredmedia":[{"embeddable":true,"href":"https:\/\/criid.com.br\/en\/wp-json\/wp\/v2\/media\/3246"}],"wp:attachment":[{"href":"https:\/\/criid.com.br\/en\/wp-json\/wp\/v2\/media?parent=3243"}],"wp:term":[{"taxonomy":"product_cat","embeddable":true,"href":"https:\/\/criid.com.br\/en\/wp-json\/wp\/v2\/product_cat?post=3243"},{"taxonomy":"product_tag","embeddable":true,"href":"https:\/\/criid.com.br\/en\/wp-json\/wp\/v2\/product_tag?post=3243"}],"curies":[{"name":"wp","href":"https:\/\/api.w.org\/{rel}","templated":true}]}}