{"id":3324,"date":"2022-08-14T20:58:41","date_gmt":"2022-08-14T23:58:41","guid":{"rendered":"https:\/\/criid.com.br\/?post_type=product&#038;p=3324"},"modified":"2022-08-14T20:58:41","modified_gmt":"2022-08-14T23:58:41","slug":"balon-capa-facebook","status":"publish","type":"product","link":"https:\/\/criid.com.br\/en\/product\/balon-capa-facebook\/","title":{"rendered":"Balon Capa Facebook"},"content":{"rendered":"","protected":false},"excerpt":{"rendered":"<div class=\"elementor-element elementor-element-5265d80 elementor-widget elementor-widget-woocommerce-product-short-description\" data-id=\"5265d80\" data-element_type=\"widget\" data-widget_type=\"woocommerce-product-short-description.default\">\n<div class=\"elementor-widget-container\">\n<div class=\"woocommerce-product-details__short-description\">\n<div class=\"elementor-element elementor-element-5265d80 elementor-widget elementor-widget-woocommerce-product-short-description\" data-id=\"5265d80\" data-element_type=\"widget\" data-widget_type=\"woocommerce-product-short-description.default\">\n<div class=\"elementor-widget-container\">\n<div class=\"woocommerce-product-details__short-description\">\n<p>Pe\u00e7a digital edit\u00e1vel para capa do Facebook. Ela est\u00e1 inserida dentro da identidade visual Balon.<\/p>\n<p>Download no formato de Ilustrator\/Photoshop ou PowerPoint.<\/p>\n<\/div>\n<\/div>\n<\/div>\n<\/div>\n<\/div>\n<\/div>","protected":false},"featured_media":3327,"template":"","meta":[],"product_cat":[32,27],"product_tag":[179,180,183,181,84,176,178,85,75,122,72,173,174,177,175,182,58],"class_list":["post-3324","product","type-product","status-publish","has-post-thumbnail","hentry","product_cat-capas","product_cat-digital","product_tag-baloes","product_tag-balon","product_tag-conversa","product_tag-conversation","product_tag-facebook","product_tag-instagram-twitter","product_tag-iphones","product_tag-linkedin","product_tag-marketing","product_tag-meet","product_tag-meeting","product_tag-midiassociais","product_tag-mkt","product_tag-notebooks","product_tag-redessociais","product_tag-talk","product_tag-tecnologia"],"_links":{"self":[{"href":"https:\/\/criid.com.br\/en\/wp-json\/wp\/v2\/product\/3324","targetHints":{"allow":["GET"]}}],"collection":[{"href":"https:\/\/criid.com.br\/en\/wp-json\/wp\/v2\/product"}],"about":[{"href":"https:\/\/criid.com.br\/en\/wp-json\/wp\/v2\/types\/product"}],"wp:featuredmedia":[{"embeddable":true,"href":"https:\/\/criid.com.br\/en\/wp-json\/wp\/v2\/media\/3327"}],"wp:attachment":[{"href":"https:\/\/criid.com.br\/en\/wp-json\/wp\/v2\/media?parent=3324"}],"wp:term":[{"taxonomy":"product_cat","embeddable":true,"href":"https:\/\/criid.com.br\/en\/wp-json\/wp\/v2\/product_cat?post=3324"},{"taxonomy":"product_tag","embeddable":true,"href":"https:\/\/criid.com.br\/en\/wp-json\/wp\/v2\/product_tag?post=3324"}],"curies":[{"name":"wp","href":"https:\/\/api.w.org\/{rel}","templated":true}]}}