{"id":3330,"date":"2022-08-14T21:06:01","date_gmt":"2022-08-15T00:06:01","guid":{"rendered":"https:\/\/criid.com.br\/?post_type=product&#038;p=3330"},"modified":"2022-08-14T21:06:02","modified_gmt":"2022-08-15T00:06:02","slug":"balon-capa-facebook-eventos","status":"publish","type":"product","link":"https:\/\/criid.com.br\/en\/product\/balon-capa-facebook-eventos\/","title":{"rendered":"Balon Capa Facebook Eventos"},"content":{"rendered":"","protected":false},"excerpt":{"rendered":"<div class=\"elementor-element elementor-element-5265d80 elementor-widget elementor-widget-woocommerce-product-short-description\" data-id=\"5265d80\" data-element_type=\"widget\" data-widget_type=\"woocommerce-product-short-description.default\">\n<div class=\"elementor-widget-container\">\n<div class=\"woocommerce-product-details__short-description\">\n<p>Cria\u00e7\u00e3o digital, edit\u00e1vel e em alta resolu\u00e7\u00e3o para capa de Eventos do Facebook.<\/p>\n<p>Voc\u00ea ir\u00e1 fazer o download em Ilustrator\/Photoshop ou PowerPoint.<\/p>\n<\/div>\n<\/div>\n<\/div>","protected":false},"featured_media":3333,"template":"","meta":[],"product_cat":[32,27],"product_tag":[179,180,183,181,84,176,178,85,75,122,72,173,174,177,175,182,58],"class_list":["post-3330","product","type-product","status-publish","has-post-thumbnail","hentry","product_cat-capas","product_cat-digital","product_tag-baloes","product_tag-balon","product_tag-conversa","product_tag-conversation","product_tag-facebook","product_tag-instagram-twitter","product_tag-iphones","product_tag-linkedin","product_tag-marketing","product_tag-meet","product_tag-meeting","product_tag-midiassociais","product_tag-mkt","product_tag-notebooks","product_tag-redessociais","product_tag-talk","product_tag-tecnologia"],"_links":{"self":[{"href":"https:\/\/criid.com.br\/en\/wp-json\/wp\/v2\/product\/3330","targetHints":{"allow":["GET"]}}],"collection":[{"href":"https:\/\/criid.com.br\/en\/wp-json\/wp\/v2\/product"}],"about":[{"href":"https:\/\/criid.com.br\/en\/wp-json\/wp\/v2\/types\/product"}],"wp:featuredmedia":[{"embeddable":true,"href":"https:\/\/criid.com.br\/en\/wp-json\/wp\/v2\/media\/3333"}],"wp:attachment":[{"href":"https:\/\/criid.com.br\/en\/wp-json\/wp\/v2\/media?parent=3330"}],"wp:term":[{"taxonomy":"product_cat","embeddable":true,"href":"https:\/\/criid.com.br\/en\/wp-json\/wp\/v2\/product_cat?post=3330"},{"taxonomy":"product_tag","embeddable":true,"href":"https:\/\/criid.com.br\/en\/wp-json\/wp\/v2\/product_tag?post=3330"}],"curies":[{"name":"wp","href":"https:\/\/api.w.org\/{rel}","templated":true}]}}