{"id":3706,"date":"2022-08-20T10:45:53","date_gmt":"2022-08-20T13:45:53","guid":{"rendered":"https:\/\/criid.com.br\/?post_type=product&#038;p=3706"},"modified":"2022-08-24T14:59:51","modified_gmt":"2022-08-24T17:59:51","slug":"look-apresentacao-mobile","status":"publish","type":"product","link":"https:\/\/criid.com.br\/en\/product\/look-apresentacao-mobile\/","title":{"rendered":"Look Apresenta\u00e7\u00e3o Mobile"},"content":{"rendered":"","protected":false},"excerpt":{"rendered":"<p>Look \u00e9 uma identidade visual estilosa e moderna. \u00c9 uma ID que tem ra\u00edzes vindas do Cyberpunk, mesmo universo que inspirou o filme Blade Runner com a ideologia de uma sociedade dist\u00f3pica. Nela voc\u00ea vai encontrar layouts de alta tecnologia retirados do contexto e combinados com outras tend\u00eancias de design contempor\u00e2neas trazidos para o universo da moda. As formas usadas para os desenhos s\u00e3o principalmente geom\u00e9tricas, futuristas e trazem tamb\u00e9m o contraste de grandeza entre alguns elementos e textos.<\/p>","protected":false},"featured_media":3713,"template":"","meta":[],"product_cat":[30],"product_tag":[217,216,215,210,123,124,205,126,206,219,208,207,209,61,57,75,218,190,212,220,203,214,213,211,202,221,101,58,222],"class_list":["post-3706","product","type-product","status-publish","has-post-thumbnail","hentry","product_cat-apresentacoes","product_tag-android","product_tag-artificial","product_tag-artificialinteligence","product_tag-bladerunner","product_tag-cidade","product_tag-city","product_tag-cyberpunk","product_tag-desenvolvimento","product_tag-distopia","product_tag-fashion","product_tag-future","product_tag-futurismo","product_tag-futurista","product_tag-innovation","product_tag-inovacao","product_tag-marketing","product_tag-moda","product_tag-neon","product_tag-pink","product_tag-produt","product_tag-purple","product_tag-robos","product_tag-robotic","product_tag-rosa","product_tag-roxo","product_tag-sale","product_tag-startup","product_tag-tecnologia","product_tag-venda"],"_links":{"self":[{"href":"https:\/\/criid.com.br\/en\/wp-json\/wp\/v2\/product\/3706","targetHints":{"allow":["GET"]}}],"collection":[{"href":"https:\/\/criid.com.br\/en\/wp-json\/wp\/v2\/product"}],"about":[{"href":"https:\/\/criid.com.br\/en\/wp-json\/wp\/v2\/types\/product"}],"wp:featuredmedia":[{"embeddable":true,"href":"https:\/\/criid.com.br\/en\/wp-json\/wp\/v2\/media\/3713"}],"wp:attachment":[{"href":"https:\/\/criid.com.br\/en\/wp-json\/wp\/v2\/media?parent=3706"}],"wp:term":[{"taxonomy":"product_cat","embeddable":true,"href":"https:\/\/criid.com.br\/en\/wp-json\/wp\/v2\/product_cat?post=3706"},{"taxonomy":"product_tag","embeddable":true,"href":"https:\/\/criid.com.br\/en\/wp-json\/wp\/v2\/product_tag?post=3706"}],"curies":[{"name":"wp","href":"https:\/\/api.w.org\/{rel}","templated":true}]}}