{"id":3740,"date":"2022-08-20T11:30:08","date_gmt":"2022-08-20T14:30:08","guid":{"rendered":"https:\/\/criid.com.br\/?post_type=product&#038;p=3740"},"modified":"2022-08-20T11:33:33","modified_gmt":"2022-08-20T14:33:33","slug":"look-certificado","status":"publish","type":"product","link":"https:\/\/criid.com.br\/en\/product\/look-certificado\/","title":{"rendered":"Look Certificado"},"content":{"rendered":"","protected":false},"excerpt":{"rendered":"<p>Pe\u00e7a edit\u00e1vel de certificado digital, que voc\u00ea pode enviar para todos os participantes do seu evento. Voc\u00ea far\u00e1 o download no formato de Ilustrator ou Power Point.<\/p>","protected":false},"featured_media":3743,"template":"","meta":[],"product_cat":[38,36],"product_tag":[217,216,215,210,123,124,205,126,206,219,208,207,209,61,57,75,218,190,212,220,203,214,213,211,202,221,101,58,222],"class_list":["post-3740","product","type-product","status-publish","has-post-thumbnail","hentry","product_cat-certificados","product_cat-eventos","product_tag-android","product_tag-artificial","product_tag-artificialinteligence","product_tag-bladerunner","product_tag-cidade","product_tag-city","product_tag-cyberpunk","product_tag-desenvolvimento","product_tag-distopia","product_tag-fashion","product_tag-future","product_tag-futurismo","product_tag-futurista","product_tag-innovation","product_tag-inovacao","product_tag-marketing","product_tag-moda","product_tag-neon","product_tag-pink","product_tag-produt","product_tag-purple","product_tag-robos","product_tag-robotic","product_tag-rosa","product_tag-roxo","product_tag-sale","product_tag-startup","product_tag-tecnologia","product_tag-venda"],"_links":{"self":[{"href":"https:\/\/criid.com.br\/en\/wp-json\/wp\/v2\/product\/3740","targetHints":{"allow":["GET"]}}],"collection":[{"href":"https:\/\/criid.com.br\/en\/wp-json\/wp\/v2\/product"}],"about":[{"href":"https:\/\/criid.com.br\/en\/wp-json\/wp\/v2\/types\/product"}],"wp:featuredmedia":[{"embeddable":true,"href":"https:\/\/criid.com.br\/en\/wp-json\/wp\/v2\/media\/3743"}],"wp:attachment":[{"href":"https:\/\/criid.com.br\/en\/wp-json\/wp\/v2\/media?parent=3740"}],"wp:term":[{"taxonomy":"product_cat","embeddable":true,"href":"https:\/\/criid.com.br\/en\/wp-json\/wp\/v2\/product_cat?post=3740"},{"taxonomy":"product_tag","embeddable":true,"href":"https:\/\/criid.com.br\/en\/wp-json\/wp\/v2\/product_tag?post=3740"}],"curies":[{"name":"wp","href":"https:\/\/api.w.org\/{rel}","templated":true}]}}