{"id":4328,"date":"2022-08-23T16:30:45","date_gmt":"2022-08-23T19:30:45","guid":{"rendered":"https:\/\/criid.com.br\/?post_type=product&#038;p=4328"},"modified":"2022-08-23T16:30:46","modified_gmt":"2022-08-23T19:30:46","slug":"look-capa-facebook-eventos","status":"publish","type":"product","link":"https:\/\/criid.com.br\/en\/product\/look-capa-facebook-eventos\/","title":{"rendered":"Look Capa Facebook Eventos"},"content":{"rendered":"","protected":false},"excerpt":{"rendered":"<div class=\"elementor-element elementor-element-5265d80 elementor-widget elementor-widget-woocommerce-product-short-description\" data-id=\"5265d80\" data-element_type=\"widget\" data-widget_type=\"woocommerce-product-short-description.default\">\n<div class=\"elementor-widget-container\">\n<div class=\"woocommerce-product-details__short-description\">\n<div class=\"elementor-element elementor-element-5265d80 elementor-widget elementor-widget-woocommerce-product-short-description\" data-id=\"5265d80\" data-element_type=\"widget\" data-widget_type=\"woocommerce-product-short-description.default\">\n<div class=\"elementor-widget-container\">\n<div class=\"woocommerce-product-details__short-description\">\n<p>Cria\u00e7\u00e3o digital, edit\u00e1vel e em alta resolu\u00e7\u00e3o para capa de Eventos do Facebook.<\/p>\n<p>Voc\u00ea ir\u00e1 fazer o download em Ilustrator\/Photoshop ou PowerPoint.<\/p>\n<\/div>\n<\/div>\n<\/div>\n<\/div>\n<\/div>\n<\/div>","protected":false},"featured_media":4331,"template":"","meta":[],"product_cat":[32,27],"product_tag":[217,216,215,210,123,124,205,126,206,219,208,207,209,61,57,75,218,190,212,220,203,214,213,211,202,221,101,58,222],"class_list":["post-4328","product","type-product","status-publish","has-post-thumbnail","hentry","product_cat-capas","product_cat-digital","product_tag-android","product_tag-artificial","product_tag-artificialinteligence","product_tag-bladerunner","product_tag-cidade","product_tag-city","product_tag-cyberpunk","product_tag-desenvolvimento","product_tag-distopia","product_tag-fashion","product_tag-future","product_tag-futurismo","product_tag-futurista","product_tag-innovation","product_tag-inovacao","product_tag-marketing","product_tag-moda","product_tag-neon","product_tag-pink","product_tag-produt","product_tag-purple","product_tag-robos","product_tag-robotic","product_tag-rosa","product_tag-roxo","product_tag-sale","product_tag-startup","product_tag-tecnologia","product_tag-venda"],"_links":{"self":[{"href":"https:\/\/criid.com.br\/en\/wp-json\/wp\/v2\/product\/4328","targetHints":{"allow":["GET"]}}],"collection":[{"href":"https:\/\/criid.com.br\/en\/wp-json\/wp\/v2\/product"}],"about":[{"href":"https:\/\/criid.com.br\/en\/wp-json\/wp\/v2\/types\/product"}],"wp:featuredmedia":[{"embeddable":true,"href":"https:\/\/criid.com.br\/en\/wp-json\/wp\/v2\/media\/4331"}],"wp:attachment":[{"href":"https:\/\/criid.com.br\/en\/wp-json\/wp\/v2\/media?parent=4328"}],"wp:term":[{"taxonomy":"product_cat","embeddable":true,"href":"https:\/\/criid.com.br\/en\/wp-json\/wp\/v2\/product_cat?post=4328"},{"taxonomy":"product_tag","embeddable":true,"href":"https:\/\/criid.com.br\/en\/wp-json\/wp\/v2\/product_tag?post=4328"}],"curies":[{"name":"wp","href":"https:\/\/api.w.org\/{rel}","templated":true}]}}