{"id":4352,"date":"2022-08-23T17:24:32","date_gmt":"2022-08-23T20:24:32","guid":{"rendered":"https:\/\/criid.com.br\/?post_type=product&#038;p=4352"},"modified":"2022-08-24T18:59:22","modified_gmt":"2022-08-24T21:59:22","slug":"look-capa-youtube","status":"publish","type":"product","link":"https:\/\/criid.com.br\/en\/product\/look-capa-youtube\/","title":{"rendered":"Look Capa YouTube"},"content":{"rendered":"","protected":false},"excerpt":{"rendered":"<div class=\"elementor-element elementor-element-5265d80 elementor-widget elementor-widget-woocommerce-product-short-description\" data-id=\"5265d80\" data-element_type=\"widget\" data-widget_type=\"woocommerce-product-short-description.default\">\n<div class=\"elementor-widget-container\">\n<div class=\"woocommerce-product-details__short-description\">\n<div class=\"elementor-element elementor-element-5265d80 elementor-widget elementor-widget-woocommerce-product-short-description\" data-id=\"5265d80\" data-element_type=\"widget\" data-widget_type=\"woocommerce-product-short-description.default\">\n<div class=\"elementor-widget-container\">\n<div class=\"woocommerce-product-details__short-description\">\n<p>Pe\u00e7a digital edit\u00e1vel em alta resolu\u00e7\u00e3o para thumbnail do Youtube.<\/p>\n<p>Inserida dentro da identidade visual Look.<\/p>\n<p>Download em Ilustrator e Power Point.<\/p>\n<\/div>\n<\/div>\n<\/div>\n<\/div>\n<\/div>\n<\/div>","protected":false},"featured_media":4355,"template":"","meta":[],"product_cat":[32,27],"product_tag":[217,216,215,210,123,124,205,126,206,219,208,207,209,61,57,75,218,190,212,220,203,214,213,211,202,221,101,58,222],"class_list":["post-4352","product","type-product","status-publish","has-post-thumbnail","hentry","product_cat-capas","product_cat-digital","product_tag-android","product_tag-artificial","product_tag-artificialinteligence","product_tag-bladerunner","product_tag-cidade","product_tag-city","product_tag-cyberpunk","product_tag-desenvolvimento","product_tag-distopia","product_tag-fashion","product_tag-future","product_tag-futurismo","product_tag-futurista","product_tag-innovation","product_tag-inovacao","product_tag-marketing","product_tag-moda","product_tag-neon","product_tag-pink","product_tag-produt","product_tag-purple","product_tag-robos","product_tag-robotic","product_tag-rosa","product_tag-roxo","product_tag-sale","product_tag-startup","product_tag-tecnologia","product_tag-venda"],"_links":{"self":[{"href":"https:\/\/criid.com.br\/en\/wp-json\/wp\/v2\/product\/4352","targetHints":{"allow":["GET"]}}],"collection":[{"href":"https:\/\/criid.com.br\/en\/wp-json\/wp\/v2\/product"}],"about":[{"href":"https:\/\/criid.com.br\/en\/wp-json\/wp\/v2\/types\/product"}],"wp:featuredmedia":[{"embeddable":true,"href":"https:\/\/criid.com.br\/en\/wp-json\/wp\/v2\/media\/4355"}],"wp:attachment":[{"href":"https:\/\/criid.com.br\/en\/wp-json\/wp\/v2\/media?parent=4352"}],"wp:term":[{"taxonomy":"product_cat","embeddable":true,"href":"https:\/\/criid.com.br\/en\/wp-json\/wp\/v2\/product_cat?post=4352"},{"taxonomy":"product_tag","embeddable":true,"href":"https:\/\/criid.com.br\/en\/wp-json\/wp\/v2\/product_tag?post=4352"}],"curies":[{"name":"wp","href":"https:\/\/api.w.org\/{rel}","templated":true}]}}