{"id":4789,"date":"2022-09-11T21:03:27","date_gmt":"2022-09-12T00:03:27","guid":{"rendered":"https:\/\/criid.com.br\/?post_type=product&#038;p=4789"},"modified":"2022-09-11T21:03:27","modified_gmt":"2022-09-12T00:03:27","slug":"live-apresentacao-mobile","status":"publish","type":"product","link":"https:\/\/criid.com.br\/en\/product\/live-apresentacao-mobile\/","title":{"rendered":"Live Apresenta\u00e7\u00e3o Mobile"},"content":{"rendered":"","protected":false},"excerpt":{"rendered":"<p>Live \u00e9 clean e passa a sensa\u00e7\u00e3o de limpeza. Ela foi inspirada em seguran\u00e7a e conforto, sendo assim voc\u00ea vai ver elementos como a silhueta de um escudo ou um c\u00edrculo, que simbolizam o cuidado e a seguran\u00e7a. \u00c9 uma identidade inserida dentro do universo da sa\u00fade, e faz bem o seu papel tanto com as cores quanto imagens e elementos objetivos e arredondados.<\/p>","protected":false},"featured_media":4794,"template":"","meta":[],"product_cat":[30],"product_tag":[257,259,264,272,276,277,278,262,261,263,274,260,255,268,273,270,258,256,271,267,275,266,269,265],"class_list":["post-4789","product","type-product","status-publish","has-post-thumbnail","hentry","product_cat-apresentacoes","product_tag-azul","product_tag-blue","product_tag-branco","product_tag-clean","product_tag-cura","product_tag-curar","product_tag-cure","product_tag-doc","product_tag-doctor","product_tag-doutor","product_tag-farmacia","product_tag-health","product_tag-hospital","product_tag-idosos","product_tag-limpeza","product_tag-live","product_tag-pacient","product_tag-paciente","product_tag-people","product_tag-pessoas","product_tag-remedios","product_tag-saide","product_tag-vida","product_tag-white"],"_links":{"self":[{"href":"https:\/\/criid.com.br\/en\/wp-json\/wp\/v2\/product\/4789","targetHints":{"allow":["GET"]}}],"collection":[{"href":"https:\/\/criid.com.br\/en\/wp-json\/wp\/v2\/product"}],"about":[{"href":"https:\/\/criid.com.br\/en\/wp-json\/wp\/v2\/types\/product"}],"wp:featuredmedia":[{"embeddable":true,"href":"https:\/\/criid.com.br\/en\/wp-json\/wp\/v2\/media\/4794"}],"wp:attachment":[{"href":"https:\/\/criid.com.br\/en\/wp-json\/wp\/v2\/media?parent=4789"}],"wp:term":[{"taxonomy":"product_cat","embeddable":true,"href":"https:\/\/criid.com.br\/en\/wp-json\/wp\/v2\/product_cat?post=4789"},{"taxonomy":"product_tag","embeddable":true,"href":"https:\/\/criid.com.br\/en\/wp-json\/wp\/v2\/product_tag?post=4789"}],"curies":[{"name":"wp","href":"https:\/\/api.w.org\/{rel}","templated":true}]}}