{"id":4820,"date":"2022-09-11T21:27:51","date_gmt":"2022-09-12T00:27:51","guid":{"rendered":"https:\/\/criid.com.br\/?post_type=product&#038;p=4820"},"modified":"2022-09-12T09:50:53","modified_gmt":"2022-09-12T12:50:53","slug":"live-certificado","status":"publish","type":"product","link":"https:\/\/criid.com.br\/en\/product\/live-certificado\/","title":{"rendered":"Live Certificado"},"content":{"rendered":"","protected":false},"excerpt":{"rendered":"<div class=\"elementor-element elementor-element-5265d80 elementor-widget elementor-widget-woocommerce-product-short-description\" data-id=\"5265d80\" data-element_type=\"widget\" data-widget_type=\"woocommerce-product-short-description.default\">\n<div class=\"elementor-widget-container\">\n<div class=\"woocommerce-product-details__short-description\">\n<div class=\"elementor-element elementor-element-5265d80 elementor-widget elementor-widget-woocommerce-product-short-description\" data-id=\"5265d80\" data-element_type=\"widget\" data-widget_type=\"woocommerce-product-short-description.default\">\n<div class=\"elementor-widget-container\">\n<div class=\"woocommerce-product-details__short-description\">\n<div class=\"elementor-element elementor-element-5265d80 elementor-widget elementor-widget-woocommerce-product-short-description\" data-id=\"5265d80\" data-element_type=\"widget\" data-widget_type=\"woocommerce-product-short-description.default\">\n<div class=\"elementor-widget-container\">\n<div class=\"woocommerce-product-details__short-description\">\n<p>Pe\u00e7a edit\u00e1vel de certificado digital, que voc\u00ea pode enviar para todos os participantes do seu evento.<\/p>\n<p>Voc\u00ea far\u00e1 o download no formato de Ilustrator ou Power Point.<\/p>\n<\/div>\n<\/div>\n<\/div>\n<\/div>\n<\/div>\n<\/div>\n<\/div>\n<\/div>\n<\/div>","protected":false},"featured_media":4823,"template":"","meta":[],"product_cat":[38,36],"product_tag":[257,259,264,272,276,277,278,262,261,263,274,260,255,268,273,270,258,256,271,267,275,266,269,265],"class_list":["post-4820","product","type-product","status-publish","has-post-thumbnail","hentry","product_cat-certificados","product_cat-eventos","product_tag-azul","product_tag-blue","product_tag-branco","product_tag-clean","product_tag-cura","product_tag-curar","product_tag-cure","product_tag-doc","product_tag-doctor","product_tag-doutor","product_tag-farmacia","product_tag-health","product_tag-hospital","product_tag-idosos","product_tag-limpeza","product_tag-live","product_tag-pacient","product_tag-paciente","product_tag-people","product_tag-pessoas","product_tag-remedios","product_tag-saide","product_tag-vida","product_tag-white"],"_links":{"self":[{"href":"https:\/\/criid.com.br\/en\/wp-json\/wp\/v2\/product\/4820","targetHints":{"allow":["GET"]}}],"collection":[{"href":"https:\/\/criid.com.br\/en\/wp-json\/wp\/v2\/product"}],"about":[{"href":"https:\/\/criid.com.br\/en\/wp-json\/wp\/v2\/types\/product"}],"wp:featuredmedia":[{"embeddable":true,"href":"https:\/\/criid.com.br\/en\/wp-json\/wp\/v2\/media\/4823"}],"wp:attachment":[{"href":"https:\/\/criid.com.br\/en\/wp-json\/wp\/v2\/media?parent=4820"}],"wp:term":[{"taxonomy":"product_cat","embeddable":true,"href":"https:\/\/criid.com.br\/en\/wp-json\/wp\/v2\/product_cat?post=4820"},{"taxonomy":"product_tag","embeddable":true,"href":"https:\/\/criid.com.br\/en\/wp-json\/wp\/v2\/product_tag?post=4820"}],"curies":[{"name":"wp","href":"https:\/\/api.w.org\/{rel}","templated":true}]}}