{"id":4941,"date":"2022-09-12T15:23:57","date_gmt":"2022-09-12T18:23:57","guid":{"rendered":"https:\/\/criid.com.br\/?post_type=product&#038;p=4941"},"modified":"2022-09-12T15:23:58","modified_gmt":"2022-09-12T18:23:58","slug":"cartooneta-certificado","status":"publish","type":"product","link":"https:\/\/criid.com.br\/en\/product\/cartooneta-certificado\/","title":{"rendered":"Cartooneta Certificado"},"content":{"rendered":"","protected":false},"excerpt":{"rendered":"<p>Pe\u00e7a edit\u00e1vel de certificado digital, que voc\u00ea pode enviar para todos os participantes do seu evento.<\/p>","protected":false},"featured_media":4944,"template":"","meta":[],"product_cat":[38,36],"product_tag":[142,296,301,295,289,298,281,291,292,290,280,300,288,287,297,284,293,285,283,299,282,279,294,286],"class_list":["post-4941","product","type-product","status-publish","has-post-thumbnail","hentry","product_cat-certificados","product_cat-eventos","product_tag-amarelo","product_tag-assado","product_tag-bar","product_tag-carne","product_tag-chef","product_tag-colher","product_tag-comida","product_tag-cozinha","product_tag-culinaria","product_tag-cusine","product_tag-food","product_tag-garfo","product_tag-gastronomia","product_tag-gastronomy","product_tag-kitchen","product_tag-laranja","product_tag-legumes","product_tag-orange","product_tag-plate","product_tag-prato","product_tag-pratos","product_tag-restaurante","product_tag-verduras","product_tag-yellow"],"_links":{"self":[{"href":"https:\/\/criid.com.br\/en\/wp-json\/wp\/v2\/product\/4941","targetHints":{"allow":["GET"]}}],"collection":[{"href":"https:\/\/criid.com.br\/en\/wp-json\/wp\/v2\/product"}],"about":[{"href":"https:\/\/criid.com.br\/en\/wp-json\/wp\/v2\/types\/product"}],"wp:featuredmedia":[{"embeddable":true,"href":"https:\/\/criid.com.br\/en\/wp-json\/wp\/v2\/media\/4944"}],"wp:attachment":[{"href":"https:\/\/criid.com.br\/en\/wp-json\/wp\/v2\/media?parent=4941"}],"wp:term":[{"taxonomy":"product_cat","embeddable":true,"href":"https:\/\/criid.com.br\/en\/wp-json\/wp\/v2\/product_cat?post=4941"},{"taxonomy":"product_tag","embeddable":true,"href":"https:\/\/criid.com.br\/en\/wp-json\/wp\/v2\/product_tag?post=4941"}],"curies":[{"name":"wp","href":"https:\/\/api.w.org\/{rel}","templated":true}]}}