{"id":4962,"date":"2022-09-13T22:44:15","date_gmt":"2022-09-14T01:44:15","guid":{"rendered":"https:\/\/criid.com.br\/?post_type=product&#038;p=4962"},"modified":"2022-09-13T22:44:16","modified_gmt":"2022-09-14T01:44:16","slug":"cartooneta-capa-linkedin","status":"publish","type":"product","link":"https:\/\/criid.com.br\/en\/product\/cartooneta-capa-linkedin\/","title":{"rendered":"Cartooneta Capa Linkedin"},"content":{"rendered":"","protected":false},"excerpt":{"rendered":"<p>Pe\u00e7a digital edit\u00e1vel em alta resolu\u00e7\u00e3o de capa para Linkedin.<\/p>","protected":false},"featured_media":4965,"template":"","meta":[],"product_cat":[32,27],"product_tag":[142,296,301,295,289,298,281,291,292,290,280,300,288,287,297,284,293,285,283,299,282,279,294,286],"class_list":["post-4962","product","type-product","status-publish","has-post-thumbnail","hentry","product_cat-capas","product_cat-digital","product_tag-amarelo","product_tag-assado","product_tag-bar","product_tag-carne","product_tag-chef","product_tag-colher","product_tag-comida","product_tag-cozinha","product_tag-culinaria","product_tag-cusine","product_tag-food","product_tag-garfo","product_tag-gastronomia","product_tag-gastronomy","product_tag-kitchen","product_tag-laranja","product_tag-legumes","product_tag-orange","product_tag-plate","product_tag-prato","product_tag-pratos","product_tag-restaurante","product_tag-verduras","product_tag-yellow"],"_links":{"self":[{"href":"https:\/\/criid.com.br\/en\/wp-json\/wp\/v2\/product\/4962","targetHints":{"allow":["GET"]}}],"collection":[{"href":"https:\/\/criid.com.br\/en\/wp-json\/wp\/v2\/product"}],"about":[{"href":"https:\/\/criid.com.br\/en\/wp-json\/wp\/v2\/types\/product"}],"wp:featuredmedia":[{"embeddable":true,"href":"https:\/\/criid.com.br\/en\/wp-json\/wp\/v2\/media\/4965"}],"wp:attachment":[{"href":"https:\/\/criid.com.br\/en\/wp-json\/wp\/v2\/media?parent=4962"}],"wp:term":[{"taxonomy":"product_cat","embeddable":true,"href":"https:\/\/criid.com.br\/en\/wp-json\/wp\/v2\/product_cat?post=4962"},{"taxonomy":"product_tag","embeddable":true,"href":"https:\/\/criid.com.br\/en\/wp-json\/wp\/v2\/product_tag?post=4962"}],"curies":[{"name":"wp","href":"https:\/\/api.w.org\/{rel}","templated":true}]}}