{"id":5001,"date":"2022-09-15T07:27:19","date_gmt":"2022-09-15T10:27:19","guid":{"rendered":"https:\/\/criid.com.br\/?post_type=product&#038;p=5001"},"modified":"2022-09-15T07:27:20","modified_gmt":"2022-09-15T10:27:20","slug":"cartooneta-post-link","status":"publish","type":"product","link":"https:\/\/criid.com.br\/en\/product\/cartooneta-post-link\/","title":{"rendered":"Cartooneta Post Link"},"content":{"rendered":"","protected":false},"excerpt":{"rendered":"<p>Pe\u00e7a digital, edit\u00e1vel, em alta resolu\u00e7\u00e3o para post das redes sociais: Facebook e Linkedin.<\/p>\n<p>Tamanho 1200 x 628 pixels.<\/p>","protected":false},"featured_media":5004,"template":"","meta":[],"product_cat":[27,31],"product_tag":[142,296,301,295,289,298,281,291,292,290,280,300,288,287,297,284,293,285,283,299,282,279,294,286],"class_list":["post-5001","product","type-product","status-publish","has-post-thumbnail","hentry","product_cat-digital","product_cat-posts","product_tag-amarelo","product_tag-assado","product_tag-bar","product_tag-carne","product_tag-chef","product_tag-colher","product_tag-comida","product_tag-cozinha","product_tag-culinaria","product_tag-cusine","product_tag-food","product_tag-garfo","product_tag-gastronomia","product_tag-gastronomy","product_tag-kitchen","product_tag-laranja","product_tag-legumes","product_tag-orange","product_tag-plate","product_tag-prato","product_tag-pratos","product_tag-restaurante","product_tag-verduras","product_tag-yellow"],"_links":{"self":[{"href":"https:\/\/criid.com.br\/en\/wp-json\/wp\/v2\/product\/5001","targetHints":{"allow":["GET"]}}],"collection":[{"href":"https:\/\/criid.com.br\/en\/wp-json\/wp\/v2\/product"}],"about":[{"href":"https:\/\/criid.com.br\/en\/wp-json\/wp\/v2\/types\/product"}],"wp:featuredmedia":[{"embeddable":true,"href":"https:\/\/criid.com.br\/en\/wp-json\/wp\/v2\/media\/5004"}],"wp:attachment":[{"href":"https:\/\/criid.com.br\/en\/wp-json\/wp\/v2\/media?parent=5001"}],"wp:term":[{"taxonomy":"product_cat","embeddable":true,"href":"https:\/\/criid.com.br\/en\/wp-json\/wp\/v2\/product_cat?post=5001"},{"taxonomy":"product_tag","embeddable":true,"href":"https:\/\/criid.com.br\/en\/wp-json\/wp\/v2\/product_tag?post=5001"}],"curies":[{"name":"wp","href":"https:\/\/api.w.org\/{rel}","templated":true}]}}