{"id":5376,"date":"2022-10-05T22:47:59","date_gmt":"2022-10-06T01:47:59","guid":{"rendered":"https:\/\/criid.com.br\/?post_type=product&#038;p=5376"},"modified":"2022-10-05T22:48:00","modified_gmt":"2022-10-06T01:48:00","slug":"conect-apresentacao","status":"publish","type":"product","link":"https:\/\/criid.com.br\/en\/product\/conect-apresentacao\/","title":{"rendered":"Conect Apresenta\u00e7\u00e3o"},"content":{"rendered":"","protected":false},"excerpt":{"rendered":"<p>Conect \u00e9 uma identidade visual voltada para a conex\u00e3o e para os neg\u00f3cios. Nela voc\u00ea encontrar\u00e1 elementos geom\u00e9tricos propondo conex\u00f5es como tamb\u00e9m imagem s\u00f3brias e formais. Temos um layout que traz um pouco da tecnologia, com elementos do universo digital e linhas objetivas.<\/p>","protected":false},"featured_media":5379,"template":"","meta":[],"product_cat":[30],"product_tag":[142,91,264,68,73,315,119,63,117,61,57,232,72,77,316,71,58,317,318,116,265,286],"class_list":["post-5376","product","type-product","status-publish","has-post-thumbnail","hentry","product_cat-apresentacoes","product_tag-amarelo","product_tag-apresentacao","product_tag-branco","product_tag-business","product_tag-conexao","product_tag-connection","product_tag-goverment","product_tag-governo","product_tag-green","product_tag-innovation","product_tag-inovacao","product_tag-lecture","product_tag-meeting","product_tag-negocios","product_tag-presentation","product_tag-reuniao","product_tag-tecnologia","product_tag-uniao","product_tag-union","product_tag-verde","product_tag-white","product_tag-yellow"],"_links":{"self":[{"href":"https:\/\/criid.com.br\/en\/wp-json\/wp\/v2\/product\/5376","targetHints":{"allow":["GET"]}}],"collection":[{"href":"https:\/\/criid.com.br\/en\/wp-json\/wp\/v2\/product"}],"about":[{"href":"https:\/\/criid.com.br\/en\/wp-json\/wp\/v2\/types\/product"}],"wp:featuredmedia":[{"embeddable":true,"href":"https:\/\/criid.com.br\/en\/wp-json\/wp\/v2\/media\/5379"}],"wp:attachment":[{"href":"https:\/\/criid.com.br\/en\/wp-json\/wp\/v2\/media?parent=5376"}],"wp:term":[{"taxonomy":"product_cat","embeddable":true,"href":"https:\/\/criid.com.br\/en\/wp-json\/wp\/v2\/product_cat?post=5376"},{"taxonomy":"product_tag","embeddable":true,"href":"https:\/\/criid.com.br\/en\/wp-json\/wp\/v2\/product_tag?post=5376"}],"curies":[{"name":"wp","href":"https:\/\/api.w.org\/{rel}","templated":true}]}}