{"id":5401,"date":"2022-10-05T23:05:16","date_gmt":"2022-10-06T02:05:16","guid":{"rendered":"https:\/\/criid.com.br\/?post_type=product&#038;p=5401"},"modified":"2022-10-05T23:05:17","modified_gmt":"2022-10-06T02:05:17","slug":"conect-capa-sympla","status":"publish","type":"product","link":"https:\/\/criid.com.br\/en\/product\/conect-capa-sympla\/","title":{"rendered":"Conect Capa Sympla"},"content":{"rendered":"","protected":false},"excerpt":{"rendered":"<p>Arte edit\u00e1vel, em alta resolu\u00e7\u00e3o, para divulga\u00e7\u00e3o do seu projeto ou evento no Sympla (www.sympla.com.br).<\/p>","protected":false},"featured_media":5404,"template":"","meta":[],"product_cat":[36,37],"product_tag":[142,91,264,68,73,315,119,63,117,61,57,232,72,77,316,71,58,317,318,116,265,286],"class_list":["post-5401","product","type-product","status-publish","has-post-thumbnail","hentry","product_cat-eventos","product_cat-sympla","product_tag-amarelo","product_tag-apresentacao","product_tag-branco","product_tag-business","product_tag-conexao","product_tag-connection","product_tag-goverment","product_tag-governo","product_tag-green","product_tag-innovation","product_tag-inovacao","product_tag-lecture","product_tag-meeting","product_tag-negocios","product_tag-presentation","product_tag-reuniao","product_tag-tecnologia","product_tag-uniao","product_tag-union","product_tag-verde","product_tag-white","product_tag-yellow"],"_links":{"self":[{"href":"https:\/\/criid.com.br\/en\/wp-json\/wp\/v2\/product\/5401","targetHints":{"allow":["GET"]}}],"collection":[{"href":"https:\/\/criid.com.br\/en\/wp-json\/wp\/v2\/product"}],"about":[{"href":"https:\/\/criid.com.br\/en\/wp-json\/wp\/v2\/types\/product"}],"wp:featuredmedia":[{"embeddable":true,"href":"https:\/\/criid.com.br\/en\/wp-json\/wp\/v2\/media\/5404"}],"wp:attachment":[{"href":"https:\/\/criid.com.br\/en\/wp-json\/wp\/v2\/media?parent=5401"}],"wp:term":[{"taxonomy":"product_cat","embeddable":true,"href":"https:\/\/criid.com.br\/en\/wp-json\/wp\/v2\/product_cat?post=5401"},{"taxonomy":"product_tag","embeddable":true,"href":"https:\/\/criid.com.br\/en\/wp-json\/wp\/v2\/product_tag?post=5401"}],"curies":[{"name":"wp","href":"https:\/\/api.w.org\/{rel}","templated":true}]}}