{"id":5416,"date":"2022-10-06T22:22:31","date_gmt":"2022-10-07T01:22:31","guid":{"rendered":"https:\/\/criid.com.br\/?post_type=product&#038;p=5416"},"modified":"2022-10-06T22:22:32","modified_gmt":"2022-10-07T01:22:32","slug":"conect-capa-facebook-eventos","status":"publish","type":"product","link":"https:\/\/criid.com.br\/en\/product\/conect-capa-facebook-eventos\/","title":{"rendered":"Conect Capa Facebook Eventos"},"content":{"rendered":"","protected":false},"excerpt":{"rendered":"<p>Cria\u00e7\u00e3o digital, edit\u00e1vel e em alta resolu\u00e7\u00e3o para capa de Eventos do Facebook.<\/p>","protected":false},"featured_media":5419,"template":"","meta":[],"product_cat":[32,27],"product_tag":[142,91,264,68,73,315,119,63,117,61,57,232,72,77,316,71,58,317,318,116,265,286],"class_list":["post-5416","product","type-product","status-publish","has-post-thumbnail","hentry","product_cat-capas","product_cat-digital","product_tag-amarelo","product_tag-apresentacao","product_tag-branco","product_tag-business","product_tag-conexao","product_tag-connection","product_tag-goverment","product_tag-governo","product_tag-green","product_tag-innovation","product_tag-inovacao","product_tag-lecture","product_tag-meeting","product_tag-negocios","product_tag-presentation","product_tag-reuniao","product_tag-tecnologia","product_tag-uniao","product_tag-union","product_tag-verde","product_tag-white","product_tag-yellow"],"_links":{"self":[{"href":"https:\/\/criid.com.br\/en\/wp-json\/wp\/v2\/product\/5416","targetHints":{"allow":["GET"]}}],"collection":[{"href":"https:\/\/criid.com.br\/en\/wp-json\/wp\/v2\/product"}],"about":[{"href":"https:\/\/criid.com.br\/en\/wp-json\/wp\/v2\/types\/product"}],"wp:featuredmedia":[{"embeddable":true,"href":"https:\/\/criid.com.br\/en\/wp-json\/wp\/v2\/media\/5419"}],"wp:attachment":[{"href":"https:\/\/criid.com.br\/en\/wp-json\/wp\/v2\/media?parent=5416"}],"wp:term":[{"taxonomy":"product_cat","embeddable":true,"href":"https:\/\/criid.com.br\/en\/wp-json\/wp\/v2\/product_cat?post=5416"},{"taxonomy":"product_tag","embeddable":true,"href":"https:\/\/criid.com.br\/en\/wp-json\/wp\/v2\/product_tag?post=5416"}],"curies":[{"name":"wp","href":"https:\/\/api.w.org\/{rel}","templated":true}]}}