{"id":5456,"date":"2022-10-06T23:22:03","date_gmt":"2022-10-07T02:22:03","guid":{"rendered":"https:\/\/criid.com.br\/?post_type=product&#038;p=5456"},"modified":"2022-10-06T23:22:04","modified_gmt":"2022-10-07T02:22:04","slug":"conect-post-instagram-vertical","status":"publish","type":"product","link":"https:\/\/criid.com.br\/en\/product\/conect-post-instagram-vertical\/","title":{"rendered":"Conect Post Instagram Vertical"},"content":{"rendered":"","protected":false},"excerpt":{"rendered":"<div class=\"elementor-element elementor-element-5265d80 elementor-widget elementor-widget-woocommerce-product-short-description\" data-id=\"5265d80\" data-element_type=\"widget\" data-widget_type=\"woocommerce-product-short-description.default\">\n<div class=\"elementor-widget-container\">\n<div class=\"woocommerce-product-details__short-description\">\n<p>Pe\u00e7a digital edit\u00e1vel, em alta resolu\u00e7\u00e3o, para post do Instagram.<\/p>\n<p>Tamanho 1080 x 1350 pixels.<\/p>\n<\/div>\n<\/div>\n<\/div>","protected":false},"featured_media":5460,"template":"","meta":[],"product_cat":[27,31],"product_tag":[142,91,264,68,73,315,119,63,117,61,57,232,72,77,316,71,58,317,318,116,265,286],"class_list":["post-5456","product","type-product","status-publish","has-post-thumbnail","hentry","product_cat-digital","product_cat-posts","product_tag-amarelo","product_tag-apresentacao","product_tag-branco","product_tag-business","product_tag-conexao","product_tag-connection","product_tag-goverment","product_tag-governo","product_tag-green","product_tag-innovation","product_tag-inovacao","product_tag-lecture","product_tag-meeting","product_tag-negocios","product_tag-presentation","product_tag-reuniao","product_tag-tecnologia","product_tag-uniao","product_tag-union","product_tag-verde","product_tag-white","product_tag-yellow"],"_links":{"self":[{"href":"https:\/\/criid.com.br\/en\/wp-json\/wp\/v2\/product\/5456","targetHints":{"allow":["GET"]}}],"collection":[{"href":"https:\/\/criid.com.br\/en\/wp-json\/wp\/v2\/product"}],"about":[{"href":"https:\/\/criid.com.br\/en\/wp-json\/wp\/v2\/types\/product"}],"wp:featuredmedia":[{"embeddable":true,"href":"https:\/\/criid.com.br\/en\/wp-json\/wp\/v2\/media\/5460"}],"wp:attachment":[{"href":"https:\/\/criid.com.br\/en\/wp-json\/wp\/v2\/media?parent=5456"}],"wp:term":[{"taxonomy":"product_cat","embeddable":true,"href":"https:\/\/criid.com.br\/en\/wp-json\/wp\/v2\/product_cat?post=5456"},{"taxonomy":"product_tag","embeddable":true,"href":"https:\/\/criid.com.br\/en\/wp-json\/wp\/v2\/product_tag?post=5456"}],"curies":[{"name":"wp","href":"https:\/\/api.w.org\/{rel}","templated":true}]}}