{"id":5673,"date":"2022-11-09T17:04:23","date_gmt":"2022-11-09T20:04:23","guid":{"rendered":"https:\/\/criid.com.br\/?post_type=product&#038;p=5673"},"modified":"2022-11-09T17:04:24","modified_gmt":"2022-11-09T20:04:24","slug":"dent-capa-sympla","status":"publish","type":"product","link":"https:\/\/criid.com.br\/en\/product\/dent-capa-sympla\/","title":{"rendered":"Dent Capa Sympla"},"content":{"rendered":"","protected":false},"excerpt":{"rendered":"<p>Arte edit\u00e1vel, em alta resolu\u00e7\u00e3o, para divulga\u00e7\u00e3o do seu projeto ou evento no Sympla (www.sympla.com.br).<\/p>","protected":false},"featured_media":5676,"template":"","meta":[],"product_cat":[36,37],"product_tag":[341,257,259,264,272,338,262,263,334,255,57,336,337,212,340,331,330,211,335,333,101,339,332,265],"class_list":["post-5673","product","type-product","status-publish","has-post-thumbnail","hentry","product_cat-eventos","product_cat-sympla","product_tag-arte","product_tag-azul","product_tag-blue","product_tag-branco","product_tag-clean","product_tag-dente","product_tag-doc","product_tag-doutor","product_tag-heath","product_tag-hospital","product_tag-inovacao","product_tag-odonto","product_tag-odontologia","product_tag-pink","product_tag-pitch","product_tag-popart","product_tag-poparte","product_tag-rosa","product_tag-safe","product_tag-saude","product_tag-startup","product_tag-tooth","product_tag-vibrante","product_tag-white"],"_links":{"self":[{"href":"https:\/\/criid.com.br\/en\/wp-json\/wp\/v2\/product\/5673","targetHints":{"allow":["GET"]}}],"collection":[{"href":"https:\/\/criid.com.br\/en\/wp-json\/wp\/v2\/product"}],"about":[{"href":"https:\/\/criid.com.br\/en\/wp-json\/wp\/v2\/types\/product"}],"wp:featuredmedia":[{"embeddable":true,"href":"https:\/\/criid.com.br\/en\/wp-json\/wp\/v2\/media\/5676"}],"wp:attachment":[{"href":"https:\/\/criid.com.br\/en\/wp-json\/wp\/v2\/media?parent=5673"}],"wp:term":[{"taxonomy":"product_cat","embeddable":true,"href":"https:\/\/criid.com.br\/en\/wp-json\/wp\/v2\/product_cat?post=5673"},{"taxonomy":"product_tag","embeddable":true,"href":"https:\/\/criid.com.br\/en\/wp-json\/wp\/v2\/product_tag?post=5673"}],"curies":[{"name":"wp","href":"https:\/\/api.w.org\/{rel}","templated":true}]}}