{"id":5678,"date":"2022-11-09T17:10:40","date_gmt":"2022-11-09T20:10:40","guid":{"rendered":"https:\/\/criid.com.br\/?post_type=product&#038;p=5678"},"modified":"2022-11-09T17:10:41","modified_gmt":"2022-11-09T20:10:41","slug":"dent-certificado","status":"publish","type":"product","link":"https:\/\/criid.com.br\/en\/product\/dent-certificado\/","title":{"rendered":"Dent Certificado"},"content":{"rendered":"","protected":false},"excerpt":{"rendered":"<p>Pe\u00e7a edit\u00e1vel de certificado digital, que voc\u00ea pode enviar para todos os participantes do seu evento.<\/p>","protected":false},"featured_media":5681,"template":"","meta":[],"product_cat":[38,36],"product_tag":[341,257,259,264,272,338,262,263,334,255,57,336,337,212,340,331,330,211,335,333,101,339,332,265],"class_list":["post-5678","product","type-product","status-publish","has-post-thumbnail","hentry","product_cat-certificados","product_cat-eventos","product_tag-arte","product_tag-azul","product_tag-blue","product_tag-branco","product_tag-clean","product_tag-dente","product_tag-doc","product_tag-doutor","product_tag-heath","product_tag-hospital","product_tag-inovacao","product_tag-odonto","product_tag-odontologia","product_tag-pink","product_tag-pitch","product_tag-popart","product_tag-poparte","product_tag-rosa","product_tag-safe","product_tag-saude","product_tag-startup","product_tag-tooth","product_tag-vibrante","product_tag-white"],"_links":{"self":[{"href":"https:\/\/criid.com.br\/en\/wp-json\/wp\/v2\/product\/5678","targetHints":{"allow":["GET"]}}],"collection":[{"href":"https:\/\/criid.com.br\/en\/wp-json\/wp\/v2\/product"}],"about":[{"href":"https:\/\/criid.com.br\/en\/wp-json\/wp\/v2\/types\/product"}],"wp:featuredmedia":[{"embeddable":true,"href":"https:\/\/criid.com.br\/en\/wp-json\/wp\/v2\/media\/5681"}],"wp:attachment":[{"href":"https:\/\/criid.com.br\/en\/wp-json\/wp\/v2\/media?parent=5678"}],"wp:term":[{"taxonomy":"product_cat","embeddable":true,"href":"https:\/\/criid.com.br\/en\/wp-json\/wp\/v2\/product_cat?post=5678"},{"taxonomy":"product_tag","embeddable":true,"href":"https:\/\/criid.com.br\/en\/wp-json\/wp\/v2\/product_tag?post=5678"}],"curies":[{"name":"wp","href":"https:\/\/api.w.org\/{rel}","templated":true}]}}