{"id":6022,"date":"2022-12-04T17:34:28","date_gmt":"2022-12-04T20:34:28","guid":{"rendered":"https:\/\/criid.com.br\/?post_type=product&#038;p=6022"},"modified":"2022-12-07T18:22:57","modified_gmt":"2022-12-07T21:22:57","slug":"finta-capa-youtube","status":"publish","type":"product","link":"https:\/\/criid.com.br\/en\/product\/finta-capa-youtube\/","title":{"rendered":"Finta Capa Youtube"},"content":{"rendered":"","protected":false},"excerpt":{"rendered":"<p>Troque o thumbnail dos seus v\u00eddeos no Youtube com esta cria\u00e7\u00e3o edit\u00e1vel.<\/p>","protected":false},"featured_media":6024,"template":"","meta":[],"product_cat":[32,27],"product_tag":[142,367,366,59,384,383,376,375,378,372,369,370,363,380,377,117,385,373,371,387,386,381,374,312,309,364,365,368,379,382,116,286],"class_list":["post-6022","product","type-product","status-publish","has-post-thumbnail","hentry","product_cat-capas","product_cat-digital","product_tag-amarelo","product_tag-ball","product_tag-bola","product_tag-brasil","product_tag-brasilian","product_tag-brazil","product_tag-campo","product_tag-character","product_tag-chute","product_tag-chuteira","product_tag-copa","product_tag-copadomundo","product_tag-futebol","product_tag-gol","product_tag-grama","product_tag-green","product_tag-ilustracao","product_tag-jogador","product_tag-mundo","product_tag-nacional","product_tag-paixao","product_tag-partida","product_tag-player","product_tag-product","product_tag-produto","product_tag-selecao","product_tag-soccer","product_tag-torcida","product_tag-trave","product_tag-vaibrasil","product_tag-verde","product_tag-yellow"],"_links":{"self":[{"href":"https:\/\/criid.com.br\/en\/wp-json\/wp\/v2\/product\/6022","targetHints":{"allow":["GET"]}}],"collection":[{"href":"https:\/\/criid.com.br\/en\/wp-json\/wp\/v2\/product"}],"about":[{"href":"https:\/\/criid.com.br\/en\/wp-json\/wp\/v2\/types\/product"}],"wp:featuredmedia":[{"embeddable":true,"href":"https:\/\/criid.com.br\/en\/wp-json\/wp\/v2\/media\/6024"}],"wp:attachment":[{"href":"https:\/\/criid.com.br\/en\/wp-json\/wp\/v2\/media?parent=6022"}],"wp:term":[{"taxonomy":"product_cat","embeddable":true,"href":"https:\/\/criid.com.br\/en\/wp-json\/wp\/v2\/product_cat?post=6022"},{"taxonomy":"product_tag","embeddable":true,"href":"https:\/\/criid.com.br\/en\/wp-json\/wp\/v2\/product_tag?post=6022"}],"curies":[{"name":"wp","href":"https:\/\/api.w.org\/{rel}","templated":true}]}}